{"id":7900,"date":"2021-01-11T14:44:33","date_gmt":"2021-01-11T13:44:33","guid":{"rendered":"http:\/\/svdvur.portalgate.cz\/?page_id=7900"},"modified":"2025-10-17T17:55:40","modified_gmt":"2025-10-17T15:55:40","slug":"o-nas","status":"publish","type":"page","link":"https:\/\/svdvur.cz\/en\/o-nas\/","title":{"rendered":"Informace O n\u00e1s"},"content":{"rendered":"<div  class=\"one withsmallpadding ppb_text\" style=\"padding:20px 0 20px 0;\" >\n<div class=\"standard_wrapper\">\n<div class=\"page_content_wrapper\">\n<div class=\"inner\">\n<div style=\"margin:auto;width:100%\">\n<h2>Historie Svatoj\u00e1nsk\u00e9ho Dvora<\/h2>\n<p>St\u0159\u00ed\u017ekov je prvn\u011b p\u0159ipom\u00edn\u00e1n v letech 1227-1230 jako dv\u016fr St\u0159ie\u017ekov, tj. St\u0159\u00ed\u017ek\u016fv dv\u016fr (nyn\u00ed Svatoj\u00e1nsk\u00fd Dv\u016fr) od osobn\u00edho jm\u00e9na St\u0159ie\u017eek, co\u017e je dom\u00e1ck\u00e1 zdrobn\u011blina od jmen St\u0159ezim\u00edr nebo St\u0159ezivoj. Pra\u017ean\u00e9 jej v dob\u011b husitsk\u00e9 zabavili a vlastnili jej do roku 1547, kdy jej Ferdinand I. Habsbursk\u00fd zkonfiskoval a prodal majiteli Libn\u011b. Star\u00e9 M\u011bsto jej koupilo jako sou\u010d\u00e1st libe\u0148sk\u00e9ho panstv\u00ed v roce 1662.<\/p>\n<p>Pam\u00e1tn\u00fd St\u0159\u00ed\u017ekovsk\u00fd dv\u016fr, v historick\u00e9 listin\u011b zmi\u0148ovan\u00fd jako svatoj\u00e1nsk\u00fd poplu\u017en\u00ed dv\u016fr, n\u00e1le\u017eel p\u016fvodn\u011b do majetku svatoji\u0159sk\u00e9ho kl\u00e1\u0161tera na Pra\u017esk\u00e9m hrad\u011b. Barokn\u00ed p\u0159em\u011bna dvora poch\u00e1z\u00ed z poloviny 18. stolet\u00ed. Zdivo je v doln\u00ed \u010d\u00e1sti zpevn\u011bno \u0161irok\u00fdmi op\u011br\u00e1ky. Ke dvoru pat\u0159ily louky a pole a samotn\u00fd dv\u016fr byl obklopen ohradn\u00ed zd\u00ed. Vyhl\u00e1\u0161en\u00e9 byly p\u0159edev\u0161\u00edm zelin\u00e1\u0159sk\u00e9 zahrady a \u00farodn\u00e1 \u0159epn\u00e1 pole, kter\u00e1 se t\u00e1hla a\u017e k \u010e\u00e1blic\u00edm. V 80. letech 20. stolet\u00ed byla v\u011bt\u0161ina hospod\u00e1\u0159sk\u00e9 \u010d\u00e1sti zbour\u00e1na a z\u016fstal jen mal\u00fd pam\u00e1tkov\u011b chr\u00e1n\u011bn\u00fd objekt v D\u011b\u010d\u00ednsk\u00e9 ulici, kter\u00fd se ve sv\u00e9m panelov\u00e9m okol\u00ed vyj\u00edm\u00e1 opravdu zvl\u00e1\u0161tn\u011b. Do dne\u0161n\u00edch dn\u016f ho zachr\u00e1nila nejsp\u00ed\u0161e skute\u010dnost, \u017ee byl v roce 1958 zaps\u00e1n na seznam kulturn\u00edch pam\u00e1tek.<\/p>\n<p>Dochovan\u00fd objekt je tvo\u0159en vlastn\u011b dv\u011bma budovami, p\u0159edev\u0161\u00edm obytn\u00fdm domem, jeho\u017e v\u00fdznam ve vsi zd\u016fraz\u0148uje \u010d\u00edslo popisn\u00e9 1, jako prvn\u00ed objekt na tomto \u00fazem\u00ed a p\u016fvodn\u00ed hospod\u00e1\u0159skou budovou, kter\u00e1 p\u0159il\u00e9h\u00e1 k jeho ji\u017en\u00edmu boku. Cel\u00fd objekt je patrov\u00fd s podkrov\u00edm dodate\u010dn\u011b upraven\u00fdm t\u00e9\u017e k obytn\u00fdm \u00fa\u010del\u016fm. Od 60. let 20. stolet\u00ed slou\u017eila po rekonstrukci budova jako s\u00eddlo bytov\u00e9ho dru\u017estva, po dobu 50ti let. V roce 2015 za\u010dala posledn\u00ed rekonstrukce, kter\u00e1 objektu navr\u00e1tila jeho historickou hodnotu. Rodina, kter\u00e1 se o to postarala, nyn\u00ed v objektu provozuje restauraci, hotel a sami zde bydl\u00ed.<\/p>\n<p>St\u0159\u00ed\u017ekov byl v\u017edy jen mal\u00e1 ves. V roce 1922, kdy\u017e byl p\u0159ipojen k hlavn\u00edmu m\u011bstu a stal se sou\u010d\u00e1st\u00ed Prahy VIII, m\u011bl jen 35 domk\u016f a 365 obyvatel. Ale ani p\u0159ipojen\u00ed k Praze na dlouhou dobu nezm\u011bnilo charakter t\u00e9to zem\u011bd\u011blsk\u00e9 vesnice, kdy v okol\u00ed byly zelin\u00e1\u0159sk\u00e9 zahrady a \u00farodn\u00e1 \u0159epn\u00e1 pole, kter\u00e1 se t\u00e1hla a\u017e k \u010e\u00e1blic\u00edm.<\/p>\n<p>V roce 1960 byla obydlen\u00e1 \u010d\u00e1st St\u0159\u00ed\u017ekova za\u010dlen\u011bna do obvodu Praha 8, neobydlen\u00e1 horn\u00ed \u010d\u00e1st se stala sou\u010d\u00e1st\u00ed Prahy 9. V roce 1990 se proto staly tyto \u010d\u00e1sti St\u0159\u00ed\u017ekova sou\u010d\u00e1stmi m\u011bstsk\u00fdch \u010d\u00e1st\u00ed Praha 8 a Praha 9 a tento stav trv\u00e1 doposud.<\/p>\n<p>A\u010dkoli St\u0159\u00ed\u017ekov je historick\u00fdm s\u00eddeln\u00edm celkem a katastr\u00e1ln\u00edm \u00fazem\u00edm, po p\u0159ipojen\u00ed k Praze t\u00e9m\u011b\u0159 vymizel z pov\u011bdom\u00ed Pra\u017ean\u016f. V 60. a 70. letech 20. stolet\u00ed toti\u017e za\u010dala vyr\u016fstat na \u00fazem\u00ed St\u0159\u00ed\u017ekova rozs\u00e1hl\u00e1 s\u00eddli\u0161t\u011b. S\u00eddli\u0161ti na Praze 8 se za\u010dalo nepochopiteln\u011b \u0159\u00edkat S\u00eddli\u0161t\u011b \u010e\u00e1blice, a\u010dkoli v \u010e\u00e1blic\u00edch v\u016fbec nele\u017e\u00ed. Zat\u00edmco jeho v\u00fdchodn\u00ed \u010d\u00e1st se nach\u00e1z\u00ed na katastru St\u0159\u00ed\u017ekova, z\u00e1padn\u00ed pro zm\u011bnu le\u017e\u00ed v Kobylis\u00edch. St\u0159\u00ed\u017ekovsk\u00e9mu s\u00eddli\u0161ti na Praze 9 se zase za\u010dalo \u0159\u00edkat S\u00eddli\u0161t\u011b Prosek, i kdy\u017e na katastru Proseka ho le\u017e\u00ed jen p\u016flka. Ozna\u010den\u00ed St\u0159\u00ed\u017ekov vzk\u0159\u00edsilo a\u017e r. 2008 metro, kter\u00e9 tak pojmenovalo atraktivn\u00ed stanici na trase C a v\u00e1\u017ee se pr\u00e1v\u011b k p\u016fvodn\u00edmu jm\u00e9nu nyn\u00ed ji\u017e Svatoj\u00e1nsk\u00e9ho Dvora.<\/p>\n<\/div>\n<\/div>\n<\/div>\n<\/div>\n<\/div>\n<div class=\"standard_wrapper\">\n<div  class=\"one\" style=\"padding:30px 0 30px 0;\" >\n<div class=\"page_content_wrapper\">\n<div class=\"inner\">\n<div class=\"one_half\">\n<div class=\"image_classic_frame expand animate\">\n<div class=\"image_wrapper\"><a href=\"https:\/\/svdvur.cz\/wp-content\/uploads\/2021\/01\/Foto-web-O-nas-rekonstrukce-2.jpg\" class=\"img_frame\"><img decoding=\"async\" src=\"https:\/\/svdvur.cz\/wp-content\/uploads\/2021\/01\/Foto-web-O-nas-rekonstrukce-2.jpg\" alt=\"\" class=\"portfolio_img\"\/><\/a><\/div>\n<\/div>\n<\/div>\n<div class=\"one_half last\">\n<div class=\"image_classic_frame expand animate\">\n<div class=\"image_wrapper\"><a href=\"https:\/\/svdvur.cz\/wp-content\/uploads\/2021\/01\/Foto-web-O-nas-rekonstrukce-1.jpg\" class=\"img_frame\"><img decoding=\"async\" src=\"https:\/\/svdvur.cz\/wp-content\/uploads\/2021\/01\/Foto-web-O-nas-rekonstrukce-1.jpg\" alt=\"\" class=\"portfolio_img\"\/><\/a><\/div>\n<\/div>\n<p><br class=\"clear\"\/><\/p>\n<div class=\"image_classic_frame expand animate\">\n<div class=\"image_wrapper\"><a href=\"https:\/\/svdvur.cz\/wp-content\/uploads\/2021\/01\/Foto-web-O-nas-rekonstrukce-3.jpg\" class=\"img_frame\"><img decoding=\"async\" src=\"https:\/\/svdvur.cz\/wp-content\/uploads\/2021\/01\/Foto-web-O-nas-rekonstrukce-3.jpg\" class=\"portfolio_img\" alt=\"\"\/><\/a><\/div>\n<\/div>\n<\/div>\n<\/div>\n<\/div>\n<\/div>\n<\/div>\n<div  class=\"one withsmallpadding ppb_text\" style=\"padding:20px 0 20px 0;\" >\n<div class=\"standard_wrapper\">\n<div class=\"page_content_wrapper\">\n<div class=\"inner\">\n<div style=\"margin:auto;width:100%\">\n<h2>Rodina<\/h2>\n<p>Pokud si \u0159\u00edk\u00e1te, co m\u00e1 buben v na\u0161em logu spole\u010dn\u00e9ho s t\u00edmto objektem, tak zbyst\u0159ete. Bohu\u017eel se n\u00e1m nepoda\u0159ilo dohledat \u017e\u00e1dn\u00fd erb, nebo symbol, kter\u00fd by s touto budovou byl spjat\u00fd, a tak jsme se rozhodli, \u017ee si vytvo\u0159\u00edme vlastn\u00ed. Zachovali jsme historick\u00e9 jm\u00e9no objektu, do kter\u00e9ho jsme cht\u011bli zakomponovat n\u011bco sv\u00e9ho. A kombinace na\u0161eho rodinn\u00e9ho p\u0159\u00edjmen\u00ed a historick\u00e9ho n\u00e1zvu budovy bylo prvn\u00ed, co n\u00e1s napadlo. Jsme Buben\u00edkovi a v\u00edt\u00e1me V\u00e1s ve Svatoj\u00e1nsk\u00e9 Dvo\u0159e.<\/p>\n<\/div>\n<\/div>\n<\/div>\n<\/div>\n<\/div>\n<div class=\"standard_wrapper\">\n<div  class=\"one\" style=\"padding:20px 0 20px 0;\" >\n<div class=\"page_content_wrapper\">\n<div class=\"inner\">\n<div class=\"image_classic_frame expand animate\">\n<div class=\"image_wrapper\"><a href=\"https:\/\/svdvur.cz\/wp-content\/uploads\/2025\/10\/upravena-na-web.jpg\" class=\"img_frame\"><img decoding=\"async\" src=\"https:\/\/svdvur.cz\/wp-content\/uploads\/2025\/10\/upravena-na-web.jpg\" class=\"portfolio_img\" alt=\"\"\/><\/a><\/div>\n<\/div>\n<\/div>\n<\/div>\n<\/div>\n<\/div>\n<div  class=\"one withsmallpadding ppb_text\" style=\"padding:20px 0 20px 0;\" >\n<div class=\"standard_wrapper\">\n<div class=\"page_content_wrapper\">\n<div class=\"inner\">\n<div style=\"margin:auto;width:100%\">\n<p>V oboru gastronomie p\u016fsob\u00edme p\u0159es 25 let a ziskem tohoto objektu si pln\u00edme jeden ze sv\u00fdch sn\u016f. Na\u0161\u00edm \u017eivotn\u00edm c\u00edlem bylo nal\u00e9zt zaj\u00edmav\u00fd historick\u00fd objekt, ve kter\u00e9m bychom mohli z\u00e1rove\u0148 bydlet, abychom se o tento objekt mohli neust\u00e1le starat a zvelebovat ho, ale tak\u00e9 provozovat restauraci. Po rozs\u00e1hl\u00e9 rekonstrukci tohoto domu se zd\u00e1lo, \u017ee je sen spln\u011bn. Av\u0161ak c\u00edtili jsme \u017ee potenci\u00e1l tohoto objektu a tak\u00e9 n\u00e1\u0161 je mnohem v\u011bt\u0161\u00ed. Proto jsme se rozhodli vybudovat unik\u00e1tn\u00ed letn\u00ed kuchyni, kter\u00e1 v Praze nem\u00e1 obdoby. N\u00e1sledovala rekonstrukce cel\u00e9ho prvn\u00edho patra za \u00fa\u010delem vytvo\u0159en\u00ed ubytovac\u00edch jednotek ke kr\u00e1tkodob\u00e9mu pobytu. V\u0161emu, co v budov\u011b vid\u00edte jsme v\u011bnovali speci\u00e1ln\u00ed p\u00e9\u010di a sna\u017eili se v\u0161em p\u0159ibl\u00ed\u017eit jednak historii domu a tak\u00e9 na\u0161i l\u00e1sku pro staro\u017eitnosti, kter\u00e9 s oblibou sb\u00edr\u00e1me.\u00a0 T\u00edm se ji\u017e dost\u00e1v\u00e1me do p\u0159\u00edtomnosti, ale na\u0161e pl\u00e1ny t\u00edm rozhodn\u011b nekon\u010d\u00ed. Douf\u00e1me, \u017ee je na\u0161e snaha vid\u011bt a \u017ee ocen\u00edte prost\u0159ed\u00ed ve kter\u00e9m se nach\u00e1z\u00edte. Byli bychom r\u00e1di, aby se ze Svatoj\u00e1nsk\u00e9ho Dvora stala uzn\u00e1van\u00e1 zna\u010dka. Zna\u010dka, kter\u00e1 znamen\u00e1 kvalitu, dom\u00e1c\u00ed prost\u0159ed\u00ed, jedine\u010dnou atmosf\u00e9ru a hlavn\u011b spokojenost. Spokojen\u00ed z\u00e1kazn\u00edci a jejich zp\u011btn\u00e1 vazba n\u00e1s poh\u00e1n\u011bj\u00ed vp\u0159ed a jsou pro n\u00e1s tou nejv\u011bt\u0161\u00ed odm\u011bnou a vidinou toho, \u017ee na\u0161i pr\u00e1ci odv\u00e1d\u00edme dob\u0159e.<\/p>\n<\/div>\n<\/div>\n<\/div>\n<\/div>\n<\/div>\n<div class=\"standard_wrapper\">\n<div  class=\"one\" style=\"padding:20px 0 20px 0;\" >\n<div class=\"page_content_wrapper\">\n<div class=\"inner\">\n<div class=\"image_classic_frame expand animate\">\n<div class=\"image_wrapper\"><a href=\"https:\/\/svdvur.cz\/wp-content\/uploads\/2025\/10\/DSC09921-scaled.jpg\" class=\"img_frame\"><img decoding=\"async\" src=\"https:\/\/svdvur.cz\/wp-content\/uploads\/2025\/10\/DSC09921-scaled.jpg\" class=\"portfolio_img\" alt=\"\"\/><\/a><\/div>\n<\/div>\n<\/div>\n<\/div>\n<\/div>\n<\/div>","protected":false},"excerpt":{"rendered":"<p>Historie Svatoj\u00e1nsk\u00e9ho Dvora St\u0159\u00ed\u017ekov je prvn\u011b p\u0159ipom\u00edn\u00e1n v letech 1227-1230 jako dv\u016fr St\u0159ie\u017ekov, tj. St\u0159\u00ed\u017ek\u016fv dv\u016fr (nyn\u00ed Svatoj\u00e1nsk\u00fd Dv\u016fr) od osobn\u00edho jm\u00e9na St\u0159ie\u017eek, co\u017e je dom\u00e1ck\u00e1 zdrobn\u011blina od jmen St\u0159ezim\u00edr nebo St\u0159ezivoj. Pra\u017ean\u00e9 jej v dob\u011b husitsk\u00e9 zabavili a vlastnili [&hellip;]<\/p>","protected":false},"author":2,"featured_media":7909,"parent":0,"menu_order":8,"comment_status":"closed","ping_status":"closed","template":"","meta":{"footnotes":""},"class_list":["post-7900","page","type-page","status-publish","has-post-thumbnail","hentry"],"yoast_head":"<!-- This site is optimized with the Yoast SEO plugin v19.5.1 - https:\/\/yoast.com\/wordpress\/plugins\/seo\/ -->\n<title>Informace O n\u00e1s - Svatoj\u00e1nsk\u00fd Dv\u016fr<\/title>\n<meta name=\"robots\" content=\"index, follow, max-snippet:-1, max-image-preview:large, max-video-preview:-1\" \/>\n<link rel=\"canonical\" href=\"https:\/\/svdvur.cz\/en\/o-nas\/\" \/>\n<meta property=\"og:locale\" content=\"en_GB\" \/>\n<meta property=\"og:type\" content=\"article\" \/>\n<meta property=\"og:title\" content=\"Informace O n\u00e1s - Svatoj\u00e1nsk\u00fd Dv\u016fr\" \/>\n<meta property=\"og:description\" content=\"Historie Svatoj\u00e1nsk\u00e9ho Dvora St\u0159\u00ed\u017ekov je prvn\u011b p\u0159ipom\u00edn\u00e1n v letech 1227-1230 jako dv\u016fr St\u0159ie\u017ekov, tj. St\u0159\u00ed\u017ek\u016fv dv\u016fr (nyn\u00ed Svatoj\u00e1nsk\u00fd Dv\u016fr) od osobn\u00edho jm\u00e9na St\u0159ie\u017eek, co\u017e je dom\u00e1ck\u00e1 zdrobn\u011blina od jmen St\u0159ezim\u00edr nebo St\u0159ezivoj. Pra\u017ean\u00e9 jej v dob\u011b husitsk\u00e9 zabavili a vlastnili [&hellip;]\" \/>\n<meta property=\"og:url\" content=\"https:\/\/svdvur.cz\/en\/o-nas\/\" \/>\n<meta property=\"og:site_name\" content=\"Svatoj\u00e1nsk\u00fd Dv\u016fr\" \/>\n<meta property=\"article:publisher\" content=\"https:\/\/www.facebook.com\/svdvur\" \/>\n<meta property=\"article:modified_time\" content=\"2025-10-17T15:55:40+00:00\" \/>\n<meta property=\"og:image\" content=\"https:\/\/svdvur.cz\/wp-content\/uploads\/2021\/01\/Foto-web-O-nas-pozadi.jpg\" \/>\n\t<meta property=\"og:image:width\" content=\"1920\" \/>\n\t<meta property=\"og:image:height\" content=\"1280\" \/>\n\t<meta property=\"og:image:type\" content=\"image\/jpeg\" \/>\n<meta name=\"twitter:card\" content=\"summary_large_image\" \/>\n<meta name=\"twitter:label1\" content=\"Estimated reading time\" \/>\n\t<meta name=\"twitter:data1\" content=\"5 minutes\" \/>\n<script type=\"application\/ld+json\" class=\"yoast-schema-graph\">{\"@context\":\"https:\/\/schema.org\",\"@graph\":[{\"@type\":\"WebPage\",\"@id\":\"https:\/\/svdvur.cz\/o-nas\/\",\"url\":\"https:\/\/svdvur.cz\/o-nas\/\",\"name\":\"Informace O n\u00e1s - Svatoj\u00e1nsk\u00fd Dv\u016fr\",\"isPartOf\":{\"@id\":\"https:\/\/svdvur.cz\/#website\"},\"datePublished\":\"2021-01-11T13:44:33+00:00\",\"dateModified\":\"2025-10-17T15:55:40+00:00\",\"breadcrumb\":{\"@id\":\"https:\/\/svdvur.cz\/o-nas\/#breadcrumb\"},\"inLanguage\":\"en-GB\",\"potentialAction\":[{\"@type\":\"ReadAction\",\"target\":[\"https:\/\/svdvur.cz\/o-nas\/\"]}]},{\"@type\":\"BreadcrumbList\",\"@id\":\"https:\/\/svdvur.cz\/o-nas\/#breadcrumb\",\"itemListElement\":[{\"@type\":\"ListItem\",\"position\":1,\"name\":\"Dom\u016f\",\"item\":\"https:\/\/svdvur.cz\/\"},{\"@type\":\"ListItem\",\"position\":2,\"name\":\"Informace O n\u00e1s\"}]},{\"@type\":\"WebSite\",\"@id\":\"https:\/\/svdvur.cz\/#website\",\"url\":\"https:\/\/svdvur.cz\/\",\"name\":\"Svatoj\u00e1nsk\u00fd Dv\u016fr\",\"description\":\"Rodinn\u00e1 restaurace a hotel\",\"publisher\":{\"@id\":\"https:\/\/svdvur.cz\/#organization\"},\"potentialAction\":[{\"@type\":\"SearchAction\",\"target\":{\"@type\":\"EntryPoint\",\"urlTemplate\":\"https:\/\/svdvur.cz\/?s={search_term_string}\"},\"query-input\":\"required name=search_term_string\"}],\"inLanguage\":\"en-GB\"},{\"@type\":\"Organization\",\"@id\":\"https:\/\/svdvur.cz\/#organization\",\"name\":\"Svatoj\u00e1nsk\u00fd Dv\u016fr\",\"url\":\"https:\/\/svdvur.cz\/\",\"sameAs\":[\"https:\/\/www.instagram.com\/svatojansky_dvur\/\",\"https:\/\/www.facebook.com\/svdvur\"],\"logo\":{\"@type\":\"ImageObject\",\"inLanguage\":\"en-GB\",\"@id\":\"https:\/\/svdvur.cz\/#\/schema\/logo\/image\/\",\"url\":\"https:\/\/svdvur.cz\/wp-content\/uploads\/2020\/05\/HP_Logo_2.gif\",\"contentUrl\":\"https:\/\/svdvur.cz\/wp-content\/uploads\/2020\/05\/HP_Logo_2.gif\",\"width\":280,\"height\":188,\"caption\":\"Svatoj\u00e1nsk\u00fd Dv\u016fr\"},\"image\":{\"@id\":\"https:\/\/svdvur.cz\/#\/schema\/logo\/image\/\"}}]}<\/script>\n<!-- \/ Yoast SEO plugin. -->","yoast_head_json":{"title":"Informace O n\u00e1s - Svatoj\u00e1nsk\u00fd Dv\u016fr","robots":{"index":"index","follow":"follow","max-snippet":"max-snippet:-1","max-image-preview":"max-image-preview:large","max-video-preview":"max-video-preview:-1"},"canonical":"https:\/\/svdvur.cz\/en\/o-nas\/","og_locale":"en_GB","og_type":"article","og_title":"Informace O n\u00e1s - Svatoj\u00e1nsk\u00fd Dv\u016fr","og_description":"Historie Svatoj\u00e1nsk\u00e9ho Dvora St\u0159\u00ed\u017ekov je prvn\u011b p\u0159ipom\u00edn\u00e1n v letech 1227-1230 jako dv\u016fr St\u0159ie\u017ekov, tj. St\u0159\u00ed\u017ek\u016fv dv\u016fr (nyn\u00ed Svatoj\u00e1nsk\u00fd Dv\u016fr) od osobn\u00edho jm\u00e9na St\u0159ie\u017eek, co\u017e je dom\u00e1ck\u00e1 zdrobn\u011blina od jmen St\u0159ezim\u00edr nebo St\u0159ezivoj. Pra\u017ean\u00e9 jej v dob\u011b husitsk\u00e9 zabavili a vlastnili [&hellip;]","og_url":"https:\/\/svdvur.cz\/en\/o-nas\/","og_site_name":"Svatoj\u00e1nsk\u00fd Dv\u016fr","article_publisher":"https:\/\/www.facebook.com\/svdvur","article_modified_time":"2025-10-17T15:55:40+00:00","og_image":[{"width":1920,"height":1280,"url":"https:\/\/svdvur.cz\/wp-content\/uploads\/2021\/01\/Foto-web-O-nas-pozadi.jpg","type":"image\/jpeg"}],"twitter_card":"summary_large_image","twitter_misc":{"Estimated reading time":"5 minutes"},"schema":{"@context":"https:\/\/schema.org","@graph":[{"@type":"WebPage","@id":"https:\/\/svdvur.cz\/o-nas\/","url":"https:\/\/svdvur.cz\/o-nas\/","name":"Informace O n\u00e1s - Svatoj\u00e1nsk\u00fd Dv\u016fr","isPartOf":{"@id":"https:\/\/svdvur.cz\/#website"},"datePublished":"2021-01-11T13:44:33+00:00","dateModified":"2025-10-17T15:55:40+00:00","breadcrumb":{"@id":"https:\/\/svdvur.cz\/o-nas\/#breadcrumb"},"inLanguage":"en-GB","potentialAction":[{"@type":"ReadAction","target":["https:\/\/svdvur.cz\/o-nas\/"]}]},{"@type":"BreadcrumbList","@id":"https:\/\/svdvur.cz\/o-nas\/#breadcrumb","itemListElement":[{"@type":"ListItem","position":1,"name":"Dom\u016f","item":"https:\/\/svdvur.cz\/"},{"@type":"ListItem","position":2,"name":"Informace O n\u00e1s"}]},{"@type":"WebSite","@id":"https:\/\/svdvur.cz\/#website","url":"https:\/\/svdvur.cz\/","name":"Svatoj\u00e1nsk\u00fd Dv\u016fr","description":"Rodinn\u00e1 restaurace a hotel","publisher":{"@id":"https:\/\/svdvur.cz\/#organization"},"potentialAction":[{"@type":"SearchAction","target":{"@type":"EntryPoint","urlTemplate":"https:\/\/svdvur.cz\/?s={search_term_string}"},"query-input":"required name=search_term_string"}],"inLanguage":"en-GB"},{"@type":"Organization","@id":"https:\/\/svdvur.cz\/#organization","name":"Svatoj\u00e1nsk\u00fd Dv\u016fr","url":"https:\/\/svdvur.cz\/","sameAs":["https:\/\/www.instagram.com\/svatojansky_dvur\/","https:\/\/www.facebook.com\/svdvur"],"logo":{"@type":"ImageObject","inLanguage":"en-GB","@id":"https:\/\/svdvur.cz\/#\/schema\/logo\/image\/","url":"https:\/\/svdvur.cz\/wp-content\/uploads\/2020\/05\/HP_Logo_2.gif","contentUrl":"https:\/\/svdvur.cz\/wp-content\/uploads\/2020\/05\/HP_Logo_2.gif","width":280,"height":188,"caption":"Svatoj\u00e1nsk\u00fd Dv\u016fr"},"image":{"@id":"https:\/\/svdvur.cz\/#\/schema\/logo\/image\/"}}]}},"_links":{"self":[{"href":"https:\/\/svdvur.cz\/en\/wp-json\/wp\/v2\/pages\/7900","targetHints":{"allow":["GET"]}}],"collection":[{"href":"https:\/\/svdvur.cz\/en\/wp-json\/wp\/v2\/pages"}],"about":[{"href":"https:\/\/svdvur.cz\/en\/wp-json\/wp\/v2\/types\/page"}],"author":[{"embeddable":true,"href":"https:\/\/svdvur.cz\/en\/wp-json\/wp\/v2\/users\/2"}],"replies":[{"embeddable":true,"href":"https:\/\/svdvur.cz\/en\/wp-json\/wp\/v2\/comments?post=7900"}],"version-history":[{"count":26,"href":"https:\/\/svdvur.cz\/en\/wp-json\/wp\/v2\/pages\/7900\/revisions"}],"predecessor-version":[{"id":11014,"href":"https:\/\/svdvur.cz\/en\/wp-json\/wp\/v2\/pages\/7900\/revisions\/11014"}],"wp:featuredmedia":[{"embeddable":true,"href":"https:\/\/svdvur.cz\/en\/wp-json\/wp\/v2\/media\/7909"}],"wp:attachment":[{"href":"https:\/\/svdvur.cz\/en\/wp-json\/wp\/v2\/media?parent=7900"}],"curies":[{"name":"wp","href":"https:\/\/api.w.org\/{rel}","templated":true}]}}