{"id":4012,"date":"2020-05-15T17:42:20","date_gmt":"2020-05-15T15:42:20","guid":{"rendered":"http:\/\/test.svdvur.cz\/?page_id=4012"},"modified":"2021-01-13T21:01:03","modified_gmt":"2021-01-13T20:01:03","slug":"galerie","status":"publish","type":"page","link":"https:\/\/svdvur.cz\/en\/galerie\/","title":{"rendered":"Galerie  Prohl\u00e9dn\u011bte si, jak to u n\u00e1s vypad\u00e1"},"content":{"rendered":"<div  class=\"one withsmallpadding ppb_text\" style=\"padding:0px;\" >\n\n<\/div>","protected":false},"excerpt":{"rendered":"","protected":false},"author":1,"featured_media":7995,"parent":0,"menu_order":15,"comment_status":"closed","ping_status":"closed","template":"","meta":{"footnotes":""},"class_list":["post-4012","page","type-page","status-publish","has-post-thumbnail","hentry"],"yoast_head":"<!-- This site is optimized with the Yoast SEO plugin v19.5.1 - https:\/\/yoast.com\/wordpress\/plugins\/seo\/ -->\n<title>Svatoj\u00e1nsk\u00fd Dv\u016fr - Galerie Prohl\u00e9dn\u011bte si, jak to u n\u00e1s vypad\u00e1<\/title>\n<meta name=\"description\" content=\"Fotogalerie Historick\u00e9ho interi\u00e9ru restaurace, venkovn\u00ed kuchyn\u011b, prostorn\u00e9 letn\u00ed zahr\u00e1dky, poh\u00e1dkov\u00fdch svateb, raut\u016f, grilov\u00e1n\u00ed a hotelu.\" \/>\n<meta name=\"robots\" content=\"index, follow, max-snippet:-1, max-image-preview:large, max-video-preview:-1\" \/>\n<link rel=\"canonical\" href=\"https:\/\/svdvur.cz\/en\/galerie\/\" \/>\n<meta property=\"og:locale\" content=\"en_GB\" \/>\n<meta property=\"og:type\" content=\"article\" \/>\n<meta property=\"og:title\" content=\"Svatoj\u00e1nsk\u00fd Dv\u016fr - Galerie Prohl\u00e9dn\u011bte si, jak to u n\u00e1s vypad\u00e1\" \/>\n<meta property=\"og:description\" content=\"Fotogalerie Historick\u00e9ho interi\u00e9ru restaurace, venkovn\u00ed kuchyn\u011b, prostorn\u00e9 letn\u00ed zahr\u00e1dky, poh\u00e1dkov\u00fdch svateb, raut\u016f, grilov\u00e1n\u00ed a hotelu.\" \/>\n<meta property=\"og:url\" content=\"https:\/\/svdvur.cz\/en\/galerie\/\" \/>\n<meta property=\"og:site_name\" content=\"Svatoj\u00e1nsk\u00fd Dv\u016fr\" \/>\n<meta property=\"article:publisher\" content=\"https:\/\/www.facebook.com\/svdvur\" \/>\n<meta property=\"article:modified_time\" content=\"2021-01-13T20:01:03+00:00\" \/>\n<meta property=\"og:image\" content=\"https:\/\/svdvur.cz\/wp-content\/uploads\/2021\/01\/Foto-web-pozadi-galerie-2.jpg\" \/>\n\t<meta property=\"og:image:width\" content=\"1920\" \/>\n\t<meta property=\"og:image:height\" content=\"1281\" \/>\n\t<meta property=\"og:image:type\" content=\"image\/jpeg\" \/>\n<meta name=\"twitter:card\" content=\"summary_large_image\" \/>\n<script type=\"application\/ld+json\" class=\"yoast-schema-graph\">{\"@context\":\"https:\/\/schema.org\",\"@graph\":[{\"@type\":\"WebPage\",\"@id\":\"https:\/\/svdvur.cz\/galerie\/\",\"url\":\"https:\/\/svdvur.cz\/galerie\/\",\"name\":\"Svatoj\u00e1nsk\u00fd Dv\u016fr - Galerie Prohl\u00e9dn\u011bte si, jak to u n\u00e1s vypad\u00e1\",\"isPartOf\":{\"@id\":\"https:\/\/svdvur.cz\/#website\"},\"datePublished\":\"2020-05-15T15:42:20+00:00\",\"dateModified\":\"2021-01-13T20:01:03+00:00\",\"description\":\"Fotogalerie Historick\u00e9ho interi\u00e9ru restaurace, venkovn\u00ed kuchyn\u011b, prostorn\u00e9 letn\u00ed zahr\u00e1dky, poh\u00e1dkov\u00fdch svateb, raut\u016f, grilov\u00e1n\u00ed a hotelu.\",\"breadcrumb\":{\"@id\":\"https:\/\/svdvur.cz\/galerie\/#breadcrumb\"},\"inLanguage\":\"en-GB\",\"potentialAction\":[{\"@type\":\"ReadAction\",\"target\":[\"https:\/\/svdvur.cz\/galerie\/\"]}]},{\"@type\":\"BreadcrumbList\",\"@id\":\"https:\/\/svdvur.cz\/galerie\/#breadcrumb\",\"itemListElement\":[{\"@type\":\"ListItem\",\"position\":1,\"name\":\"Dom\u016f\",\"item\":\"https:\/\/svdvur.cz\/\"},{\"@type\":\"ListItem\",\"position\":2,\"name\":\"Galerie Prohl\u00e9dn\u011bte si, jak to u n\u00e1s vypad\u00e1\"}]},{\"@type\":\"WebSite\",\"@id\":\"https:\/\/svdvur.cz\/#website\",\"url\":\"https:\/\/svdvur.cz\/\",\"name\":\"Svatoj\u00e1nsk\u00fd Dv\u016fr\",\"description\":\"Rodinn\u00e1 restaurace a hotel\",\"publisher\":{\"@id\":\"https:\/\/svdvur.cz\/#organization\"},\"potentialAction\":[{\"@type\":\"SearchAction\",\"target\":{\"@type\":\"EntryPoint\",\"urlTemplate\":\"https:\/\/svdvur.cz\/?s={search_term_string}\"},\"query-input\":\"required name=search_term_string\"}],\"inLanguage\":\"en-GB\"},{\"@type\":\"Organization\",\"@id\":\"https:\/\/svdvur.cz\/#organization\",\"name\":\"Svatoj\u00e1nsk\u00fd Dv\u016fr\",\"url\":\"https:\/\/svdvur.cz\/\",\"sameAs\":[\"https:\/\/www.instagram.com\/svatojansky_dvur\/\",\"https:\/\/www.facebook.com\/svdvur\"],\"logo\":{\"@type\":\"ImageObject\",\"inLanguage\":\"en-GB\",\"@id\":\"https:\/\/svdvur.cz\/#\/schema\/logo\/image\/\",\"url\":\"https:\/\/svdvur.cz\/wp-content\/uploads\/2020\/05\/HP_Logo_2.gif\",\"contentUrl\":\"https:\/\/svdvur.cz\/wp-content\/uploads\/2020\/05\/HP_Logo_2.gif\",\"width\":280,\"height\":188,\"caption\":\"Svatoj\u00e1nsk\u00fd Dv\u016fr\"},\"image\":{\"@id\":\"https:\/\/svdvur.cz\/#\/schema\/logo\/image\/\"}}]}<\/script>\n<!-- \/ Yoast SEO plugin. -->","yoast_head_json":{"title":"Svatoj\u00e1nsk\u00fd Dv\u016fr - Galerie Prohl\u00e9dn\u011bte si, jak to u n\u00e1s vypad\u00e1","description":"Fotogalerie Historick\u00e9ho interi\u00e9ru restaurace, venkovn\u00ed kuchyn\u011b, prostorn\u00e9 letn\u00ed zahr\u00e1dky, poh\u00e1dkov\u00fdch svateb, raut\u016f, grilov\u00e1n\u00ed a hotelu.","robots":{"index":"index","follow":"follow","max-snippet":"max-snippet:-1","max-image-preview":"max-image-preview:large","max-video-preview":"max-video-preview:-1"},"canonical":"https:\/\/svdvur.cz\/en\/galerie\/","og_locale":"en_GB","og_type":"article","og_title":"Svatoj\u00e1nsk\u00fd Dv\u016fr - Galerie Prohl\u00e9dn\u011bte si, jak to u n\u00e1s vypad\u00e1","og_description":"Fotogalerie Historick\u00e9ho interi\u00e9ru restaurace, venkovn\u00ed kuchyn\u011b, prostorn\u00e9 letn\u00ed zahr\u00e1dky, poh\u00e1dkov\u00fdch svateb, raut\u016f, grilov\u00e1n\u00ed a hotelu.","og_url":"https:\/\/svdvur.cz\/en\/galerie\/","og_site_name":"Svatoj\u00e1nsk\u00fd Dv\u016fr","article_publisher":"https:\/\/www.facebook.com\/svdvur","article_modified_time":"2021-01-13T20:01:03+00:00","og_image":[{"width":1920,"height":1281,"url":"https:\/\/svdvur.cz\/wp-content\/uploads\/2021\/01\/Foto-web-pozadi-galerie-2.jpg","type":"image\/jpeg"}],"twitter_card":"summary_large_image","schema":{"@context":"https:\/\/schema.org","@graph":[{"@type":"WebPage","@id":"https:\/\/svdvur.cz\/galerie\/","url":"https:\/\/svdvur.cz\/galerie\/","name":"Svatoj\u00e1nsk\u00fd Dv\u016fr - Galerie Prohl\u00e9dn\u011bte si, jak to u n\u00e1s vypad\u00e1","isPartOf":{"@id":"https:\/\/svdvur.cz\/#website"},"datePublished":"2020-05-15T15:42:20+00:00","dateModified":"2021-01-13T20:01:03+00:00","description":"Fotogalerie Historick\u00e9ho interi\u00e9ru restaurace, venkovn\u00ed kuchyn\u011b, prostorn\u00e9 letn\u00ed zahr\u00e1dky, poh\u00e1dkov\u00fdch svateb, raut\u016f, grilov\u00e1n\u00ed a hotelu.","breadcrumb":{"@id":"https:\/\/svdvur.cz\/galerie\/#breadcrumb"},"inLanguage":"en-GB","potentialAction":[{"@type":"ReadAction","target":["https:\/\/svdvur.cz\/galerie\/"]}]},{"@type":"BreadcrumbList","@id":"https:\/\/svdvur.cz\/galerie\/#breadcrumb","itemListElement":[{"@type":"ListItem","position":1,"name":"Dom\u016f","item":"https:\/\/svdvur.cz\/"},{"@type":"ListItem","position":2,"name":"Galerie Prohl\u00e9dn\u011bte si, jak to u n\u00e1s vypad\u00e1"}]},{"@type":"WebSite","@id":"https:\/\/svdvur.cz\/#website","url":"https:\/\/svdvur.cz\/","name":"Svatoj\u00e1nsk\u00fd Dv\u016fr","description":"Rodinn\u00e1 restaurace a hotel","publisher":{"@id":"https:\/\/svdvur.cz\/#organization"},"potentialAction":[{"@type":"SearchAction","target":{"@type":"EntryPoint","urlTemplate":"https:\/\/svdvur.cz\/?s={search_term_string}"},"query-input":"required name=search_term_string"}],"inLanguage":"en-GB"},{"@type":"Organization","@id":"https:\/\/svdvur.cz\/#organization","name":"Svatoj\u00e1nsk\u00fd Dv\u016fr","url":"https:\/\/svdvur.cz\/","sameAs":["https:\/\/www.instagram.com\/svatojansky_dvur\/","https:\/\/www.facebook.com\/svdvur"],"logo":{"@type":"ImageObject","inLanguage":"en-GB","@id":"https:\/\/svdvur.cz\/#\/schema\/logo\/image\/","url":"https:\/\/svdvur.cz\/wp-content\/uploads\/2020\/05\/HP_Logo_2.gif","contentUrl":"https:\/\/svdvur.cz\/wp-content\/uploads\/2020\/05\/HP_Logo_2.gif","width":280,"height":188,"caption":"Svatoj\u00e1nsk\u00fd Dv\u016fr"},"image":{"@id":"https:\/\/svdvur.cz\/#\/schema\/logo\/image\/"}}]}},"_links":{"self":[{"href":"https:\/\/svdvur.cz\/en\/wp-json\/wp\/v2\/pages\/4012","targetHints":{"allow":["GET"]}}],"collection":[{"href":"https:\/\/svdvur.cz\/en\/wp-json\/wp\/v2\/pages"}],"about":[{"href":"https:\/\/svdvur.cz\/en\/wp-json\/wp\/v2\/types\/page"}],"author":[{"embeddable":true,"href":"https:\/\/svdvur.cz\/en\/wp-json\/wp\/v2\/users\/1"}],"replies":[{"embeddable":true,"href":"https:\/\/svdvur.cz\/en\/wp-json\/wp\/v2\/comments?post=4012"}],"version-history":[{"count":170,"href":"https:\/\/svdvur.cz\/en\/wp-json\/wp\/v2\/pages\/4012\/revisions"}],"predecessor-version":[{"id":7996,"href":"https:\/\/svdvur.cz\/en\/wp-json\/wp\/v2\/pages\/4012\/revisions\/7996"}],"wp:featuredmedia":[{"embeddable":true,"href":"https:\/\/svdvur.cz\/en\/wp-json\/wp\/v2\/media\/7995"}],"wp:attachment":[{"href":"https:\/\/svdvur.cz\/en\/wp-json\/wp\/v2\/media?parent=4012"}],"curies":[{"name":"wp","href":"https:\/\/api.w.org\/{rel}","templated":true}]}}