{"id":4000,"date":"2020-05-15T17:40:36","date_gmt":"2020-05-15T15:40:36","guid":{"rendered":"http:\/\/test.svdvur.cz\/?page_id=4000"},"modified":"2026-03-25T10:52:27","modified_gmt":"2026-03-25T09:52:27","slug":"denni-nabidka","status":"publish","type":"page","link":"https:\/\/svdvur.cz\/en\/denni-nabidka\/","title":{"rendered":"Menu Denn\u00ed nab\u00eddka"},"content":{"rendered":"<div  class=\"one withsmallpadding ppb_text\" style=\"padding:30px 0 30px 0;\" >\n<div class=\"standard_wrapper\">\n<div class=\"page_content_wrapper\">\n<div class=\"inner\">\n<div style=\"margin:auto;width:100%\">\n<p style=\"text-align: center;\">Poledn\u00ed nab\u00eddku nab\u00edz\u00edme pouze ve vymezen\u00e9m \u010dase a v omezen\u00e9m po\u010dtu porc\u00ed.<br \/>\nO v\u0161ech akc\u00edch se dozv\u00edte zde na webu a na na\u0161\u00edch <a href=\"https:\/\/www.facebook.com\/svdvur\">soci\u00e1ln\u00edch s\u00edt\u00edch<\/a>.<\/p>\n<\/div>\n<\/div>\n<\/div>\n<\/div>\n<\/div>\n<div  class=\"one withsmallpadding ppb_text\" style=\"padding:30px 0 30px 0;\" >\n<div class=\"standard_wrapper\">\n<div class=\"page_content_wrapper\">\n<div class=\"inner\">\n<div style=\"margin:auto;width:100%\">\n<p><!-- IFRAME www.DnesniObed.cz--><\/p>\n<div class=\"DnesniObed\"><iframe loading=\"lazy\" src=\"https:\/\/www.dnesniobed.cz\/jidelnicek\/frame\/frame.php\/1590_1\" width=\"100%\" height=\"1440px\" frameborder=\"0\" scrolling=\"auto\"><\/iframe><\/div>\n<p><!-- END IFRAME www.DnesniObed.cz--><\/p>\n<p><!--www.DnesniObed.cz--logo--><\/p>\n<div style=\"text-align: center;\"><a href=\"https:\/\/www.DnesniObed.cz\" target=\"_blank\" rel=\"noopener noreferrer\"><img decoding=\"async\" style=\"height: 40px; width: 66px;\" src=\"https:\/\/www.DnesniObed.cz\/img\/logoVelkeTransparent.png\" \/> <\/a><!--END -- www.DnesniObed.cz--logo--><\/p>\n<\/div>\n<\/div>\n<\/div>\n<\/div>\n<\/div>\n<\/div>","protected":false},"excerpt":{"rendered":"<p>Poledn\u00ed nab\u00eddku nab\u00edz\u00edme pouze ve vymezen\u00e9m \u010dase a v omezen\u00e9m po\u010dtu porc\u00ed. O v\u0161ech akc\u00edch se dozv\u00edte zde na webu a na na\u0161\u00edch soci\u00e1ln\u00edch s\u00edt\u00edch.<\/p>","protected":false},"author":1,"featured_media":6666,"parent":0,"menu_order":16,"comment_status":"closed","ping_status":"closed","template":"","meta":{"footnotes":""},"class_list":["post-4000","page","type-page","status-publish","has-post-thumbnail","hentry"],"yoast_head":"<!-- This site is optimized with the Yoast SEO plugin v19.5.1 - https:\/\/yoast.com\/wordpress\/plugins\/seo\/ -->\n<title>Menu Denn\u00ed nab\u00eddka - Svatoj\u00e1nsk\u00fd Dv\u016fr<\/title>\n<meta name=\"description\" content=\"Poledn\u00ed menu va\u0159\u00edme od pond\u011bl\u00ed do p\u00e1tku. Denn\u011b v n\u011bm naleznete pol\u00e9vku a nab\u00eddku t\u0159\u00ed hlavn\u00edch j\u00eddel. Od 1.7. do 31.8. poledn\u00ed menu nenab\u00edz\u00edme\" \/>\n<meta name=\"robots\" content=\"index, follow, max-snippet:-1, max-image-preview:large, max-video-preview:-1\" \/>\n<link rel=\"canonical\" href=\"https:\/\/svdvur.cz\/en\/denni-nabidka\/\" \/>\n<meta property=\"og:locale\" content=\"en_GB\" \/>\n<meta property=\"og:type\" content=\"article\" \/>\n<meta property=\"og:title\" content=\"Menu Denn\u00ed nab\u00eddka - Svatoj\u00e1nsk\u00fd Dv\u016fr\" \/>\n<meta property=\"og:description\" content=\"Poledn\u00ed menu va\u0159\u00edme od pond\u011bl\u00ed do p\u00e1tku. Denn\u011b v n\u011bm naleznete pol\u00e9vku a nab\u00eddku t\u0159\u00ed hlavn\u00edch j\u00eddel. Od 1.7. do 31.8. poledn\u00ed menu nenab\u00edz\u00edme\" \/>\n<meta property=\"og:url\" content=\"https:\/\/svdvur.cz\/en\/denni-nabidka\/\" \/>\n<meta property=\"og:site_name\" content=\"Svatoj\u00e1nsk\u00fd Dv\u016fr\" \/>\n<meta property=\"article:publisher\" content=\"https:\/\/www.facebook.com\/svdvur\" \/>\n<meta property=\"article:modified_time\" content=\"2026-03-25T09:52:27+00:00\" \/>\n<meta property=\"og:image\" content=\"https:\/\/svdvur.cz\/wp-content\/uploads\/2020\/07\/Foto-web-slider-galerie-6.jpg\" \/>\n\t<meta property=\"og:image:width\" content=\"1920\" \/>\n\t<meta property=\"og:image:height\" content=\"1280\" \/>\n\t<meta property=\"og:image:type\" content=\"image\/jpeg\" \/>\n<meta name=\"twitter:card\" content=\"summary_large_image\" \/>\n<script type=\"application\/ld+json\" class=\"yoast-schema-graph\">{\"@context\":\"https:\/\/schema.org\",\"@graph\":[{\"@type\":\"WebPage\",\"@id\":\"https:\/\/svdvur.cz\/denni-nabidka\/\",\"url\":\"https:\/\/svdvur.cz\/denni-nabidka\/\",\"name\":\"Menu Denn\u00ed nab\u00eddka - Svatoj\u00e1nsk\u00fd Dv\u016fr\",\"isPartOf\":{\"@id\":\"https:\/\/svdvur.cz\/#website\"},\"datePublished\":\"2020-05-15T15:40:36+00:00\",\"dateModified\":\"2026-03-25T09:52:27+00:00\",\"description\":\"Poledn\u00ed menu va\u0159\u00edme od pond\u011bl\u00ed do p\u00e1tku. Denn\u011b v n\u011bm naleznete pol\u00e9vku a nab\u00eddku t\u0159\u00ed hlavn\u00edch j\u00eddel. Od 1.7. do 31.8. poledn\u00ed menu nenab\u00edz\u00edme\",\"breadcrumb\":{\"@id\":\"https:\/\/svdvur.cz\/denni-nabidka\/#breadcrumb\"},\"inLanguage\":\"en-GB\",\"potentialAction\":[{\"@type\":\"ReadAction\",\"target\":[\"https:\/\/svdvur.cz\/denni-nabidka\/\"]}]},{\"@type\":\"BreadcrumbList\",\"@id\":\"https:\/\/svdvur.cz\/denni-nabidka\/#breadcrumb\",\"itemListElement\":[{\"@type\":\"ListItem\",\"position\":1,\"name\":\"Dom\u016f\",\"item\":\"https:\/\/svdvur.cz\/\"},{\"@type\":\"ListItem\",\"position\":2,\"name\":\"Menu Denn\u00ed nab\u00eddka\"}]},{\"@type\":\"WebSite\",\"@id\":\"https:\/\/svdvur.cz\/#website\",\"url\":\"https:\/\/svdvur.cz\/\",\"name\":\"Svatoj\u00e1nsk\u00fd Dv\u016fr\",\"description\":\"Rodinn\u00e1 restaurace a hotel\",\"publisher\":{\"@id\":\"https:\/\/svdvur.cz\/#organization\"},\"potentialAction\":[{\"@type\":\"SearchAction\",\"target\":{\"@type\":\"EntryPoint\",\"urlTemplate\":\"https:\/\/svdvur.cz\/?s={search_term_string}\"},\"query-input\":\"required name=search_term_string\"}],\"inLanguage\":\"en-GB\"},{\"@type\":\"Organization\",\"@id\":\"https:\/\/svdvur.cz\/#organization\",\"name\":\"Svatoj\u00e1nsk\u00fd Dv\u016fr\",\"url\":\"https:\/\/svdvur.cz\/\",\"sameAs\":[\"https:\/\/www.instagram.com\/svatojansky_dvur\/\",\"https:\/\/www.facebook.com\/svdvur\"],\"logo\":{\"@type\":\"ImageObject\",\"inLanguage\":\"en-GB\",\"@id\":\"https:\/\/svdvur.cz\/#\/schema\/logo\/image\/\",\"url\":\"https:\/\/svdvur.cz\/wp-content\/uploads\/2020\/05\/HP_Logo_2.gif\",\"contentUrl\":\"https:\/\/svdvur.cz\/wp-content\/uploads\/2020\/05\/HP_Logo_2.gif\",\"width\":280,\"height\":188,\"caption\":\"Svatoj\u00e1nsk\u00fd Dv\u016fr\"},\"image\":{\"@id\":\"https:\/\/svdvur.cz\/#\/schema\/logo\/image\/\"}}]}<\/script>\n<!-- \/ Yoast SEO plugin. -->","yoast_head_json":{"title":"Menu Denn\u00ed nab\u00eddka - Svatoj\u00e1nsk\u00fd Dv\u016fr","description":"Poledn\u00ed menu va\u0159\u00edme od pond\u011bl\u00ed do p\u00e1tku. Denn\u011b v n\u011bm naleznete pol\u00e9vku a nab\u00eddku t\u0159\u00ed hlavn\u00edch j\u00eddel. Od 1.7. do 31.8. poledn\u00ed menu nenab\u00edz\u00edme","robots":{"index":"index","follow":"follow","max-snippet":"max-snippet:-1","max-image-preview":"max-image-preview:large","max-video-preview":"max-video-preview:-1"},"canonical":"https:\/\/svdvur.cz\/en\/denni-nabidka\/","og_locale":"en_GB","og_type":"article","og_title":"Menu Denn\u00ed nab\u00eddka - Svatoj\u00e1nsk\u00fd Dv\u016fr","og_description":"Poledn\u00ed menu va\u0159\u00edme od pond\u011bl\u00ed do p\u00e1tku. Denn\u011b v n\u011bm naleznete pol\u00e9vku a nab\u00eddku t\u0159\u00ed hlavn\u00edch j\u00eddel. Od 1.7. do 31.8. poledn\u00ed menu nenab\u00edz\u00edme","og_url":"https:\/\/svdvur.cz\/en\/denni-nabidka\/","og_site_name":"Svatoj\u00e1nsk\u00fd Dv\u016fr","article_publisher":"https:\/\/www.facebook.com\/svdvur","article_modified_time":"2026-03-25T09:52:27+00:00","og_image":[{"width":1920,"height":1280,"url":"https:\/\/svdvur.cz\/wp-content\/uploads\/2020\/07\/Foto-web-slider-galerie-6.jpg","type":"image\/jpeg"}],"twitter_card":"summary_large_image","schema":{"@context":"https:\/\/schema.org","@graph":[{"@type":"WebPage","@id":"https:\/\/svdvur.cz\/denni-nabidka\/","url":"https:\/\/svdvur.cz\/denni-nabidka\/","name":"Menu Denn\u00ed nab\u00eddka - Svatoj\u00e1nsk\u00fd Dv\u016fr","isPartOf":{"@id":"https:\/\/svdvur.cz\/#website"},"datePublished":"2020-05-15T15:40:36+00:00","dateModified":"2026-03-25T09:52:27+00:00","description":"Poledn\u00ed menu va\u0159\u00edme od pond\u011bl\u00ed do p\u00e1tku. Denn\u011b v n\u011bm naleznete pol\u00e9vku a nab\u00eddku t\u0159\u00ed hlavn\u00edch j\u00eddel. Od 1.7. do 31.8. poledn\u00ed menu nenab\u00edz\u00edme","breadcrumb":{"@id":"https:\/\/svdvur.cz\/denni-nabidka\/#breadcrumb"},"inLanguage":"en-GB","potentialAction":[{"@type":"ReadAction","target":["https:\/\/svdvur.cz\/denni-nabidka\/"]}]},{"@type":"BreadcrumbList","@id":"https:\/\/svdvur.cz\/denni-nabidka\/#breadcrumb","itemListElement":[{"@type":"ListItem","position":1,"name":"Dom\u016f","item":"https:\/\/svdvur.cz\/"},{"@type":"ListItem","position":2,"name":"Menu Denn\u00ed nab\u00eddka"}]},{"@type":"WebSite","@id":"https:\/\/svdvur.cz\/#website","url":"https:\/\/svdvur.cz\/","name":"Svatoj\u00e1nsk\u00fd Dv\u016fr","description":"Rodinn\u00e1 restaurace a hotel","publisher":{"@id":"https:\/\/svdvur.cz\/#organization"},"potentialAction":[{"@type":"SearchAction","target":{"@type":"EntryPoint","urlTemplate":"https:\/\/svdvur.cz\/?s={search_term_string}"},"query-input":"required name=search_term_string"}],"inLanguage":"en-GB"},{"@type":"Organization","@id":"https:\/\/svdvur.cz\/#organization","name":"Svatoj\u00e1nsk\u00fd Dv\u016fr","url":"https:\/\/svdvur.cz\/","sameAs":["https:\/\/www.instagram.com\/svatojansky_dvur\/","https:\/\/www.facebook.com\/svdvur"],"logo":{"@type":"ImageObject","inLanguage":"en-GB","@id":"https:\/\/svdvur.cz\/#\/schema\/logo\/image\/","url":"https:\/\/svdvur.cz\/wp-content\/uploads\/2020\/05\/HP_Logo_2.gif","contentUrl":"https:\/\/svdvur.cz\/wp-content\/uploads\/2020\/05\/HP_Logo_2.gif","width":280,"height":188,"caption":"Svatoj\u00e1nsk\u00fd Dv\u016fr"},"image":{"@id":"https:\/\/svdvur.cz\/#\/schema\/logo\/image\/"}}]}},"_links":{"self":[{"href":"https:\/\/svdvur.cz\/en\/wp-json\/wp\/v2\/pages\/4000","targetHints":{"allow":["GET"]}}],"collection":[{"href":"https:\/\/svdvur.cz\/en\/wp-json\/wp\/v2\/pages"}],"about":[{"href":"https:\/\/svdvur.cz\/en\/wp-json\/wp\/v2\/types\/page"}],"author":[{"embeddable":true,"href":"https:\/\/svdvur.cz\/en\/wp-json\/wp\/v2\/users\/1"}],"replies":[{"embeddable":true,"href":"https:\/\/svdvur.cz\/en\/wp-json\/wp\/v2\/comments?post=4000"}],"version-history":[{"count":96,"href":"https:\/\/svdvur.cz\/en\/wp-json\/wp\/v2\/pages\/4000\/revisions"}],"predecessor-version":[{"id":11542,"href":"https:\/\/svdvur.cz\/en\/wp-json\/wp\/v2\/pages\/4000\/revisions\/11542"}],"wp:featuredmedia":[{"embeddable":true,"href":"https:\/\/svdvur.cz\/en\/wp-json\/wp\/v2\/media\/6666"}],"wp:attachment":[{"href":"https:\/\/svdvur.cz\/en\/wp-json\/wp\/v2\/media?parent=4000"}],"curies":[{"name":"wp","href":"https:\/\/api.w.org\/{rel}","templated":true}]}}