{"id":3994,"date":"2020-05-15T17:39:32","date_gmt":"2020-05-15T15:39:32","guid":{"rendered":"http:\/\/test.svdvur.cz\/?page_id=3994"},"modified":"2021-01-14T11:57:40","modified_gmt":"2021-01-14T10:57:40","slug":"menu","status":"publish","type":"page","link":"https:\/\/svdvur.cz\/en\/menu\/","title":{"rendered":"Menu"},"content":{"rendered":"<div  class=\"one withsmallpadding ppb_content_half_bg\" style=\"padding:30px 0 30px 0;\" >\n<div class=\"standard_wrapper\">\n<div class=\"page_content_wrapper\">\n<div class=\"inner\">\n<div class=\"one_half_bg floatright\" style=\"background:#ffffff;background:rgb(255,255,255,1);background:rgba(255,255,255,1);\">\n<h2 class=\"ppb_title\" style=\"\"><span class=\"ppb_title_first\" >Menu<\/span>Nab\u00eddka n\u00e1poj\u016f a j\u00eddel<\/h2>\n<div class=\"page_header_sep left\" ><\/div>\n<\/p>\n<h2><\/h2>\n<h2><a href=\"\/en\/jidelni-listek\/\">J\u00eddeln\u00ed l\u00edstek<\/a><\/h2>\n<h2><a href=\"\/en\/napojovy-listek\/\">N\u00e1pojov\u00fd l\u00edstek<\/a><\/h2>\n<h2><a href=\"\/en\/vinna-karta\/\">Vinn\u00e1 karta<\/a><\/h2>\n<h2><a href=\"\/en\/rumova-karta\/\">Rumov\u00e1 karta<\/a><\/h2>\n<\/div>\n<\/div>\n<\/div>\n<\/div>\n<\/div>","protected":false},"excerpt":{"rendered":"<p>MenuNab\u00eddka n\u00e1poj\u016f a j\u00eddel J\u00eddeln\u00ed l\u00edstek N\u00e1pojov\u00fd l\u00edstek Vinn\u00e1 karta Rumov\u00e1 karta<\/p>","protected":false},"author":1,"featured_media":0,"parent":0,"menu_order":21,"comment_status":"closed","ping_status":"closed","template":"","meta":{"footnotes":""},"class_list":["post-3994","page","type-page","status-publish","hentry"],"yoast_head":"<!-- This site is optimized with the Yoast SEO plugin v19.5.1 - https:\/\/yoast.com\/wordpress\/plugins\/seo\/ -->\n<title>Menu - Svatoj\u00e1nsk\u00fd Dv\u016fr<\/title>\n<meta name=\"description\" content=\"V na\u0161em menu m\u016f\u017eete nal\u00e9zt \u010deskou a mezin\u00e1rodn\u00ed kuchyni. V n\u00e1pojov\u00e9m l\u00edstku naleznete \u0161irokou nab\u00eddku alkoholick\u00fdch a nealkoholick\u00fdch n\u00e1poj\u016f.\" \/>\n<meta name=\"robots\" content=\"index, follow, max-snippet:-1, max-image-preview:large, max-video-preview:-1\" \/>\n<link rel=\"canonical\" href=\"https:\/\/svdvur.cz\/en\/menu\/\" \/>\n<meta property=\"og:locale\" content=\"en_GB\" \/>\n<meta property=\"og:type\" content=\"article\" \/>\n<meta property=\"og:title\" content=\"Menu - Svatoj\u00e1nsk\u00fd Dv\u016fr\" \/>\n<meta property=\"og:description\" content=\"V na\u0161em menu m\u016f\u017eete nal\u00e9zt \u010deskou a mezin\u00e1rodn\u00ed kuchyni. V n\u00e1pojov\u00e9m l\u00edstku naleznete \u0161irokou nab\u00eddku alkoholick\u00fdch a nealkoholick\u00fdch n\u00e1poj\u016f.\" \/>\n<meta property=\"og:url\" content=\"https:\/\/svdvur.cz\/en\/menu\/\" \/>\n<meta property=\"og:site_name\" content=\"Svatoj\u00e1nsk\u00fd Dv\u016fr\" \/>\n<meta property=\"article:publisher\" content=\"https:\/\/www.facebook.com\/svdvur\" \/>\n<meta property=\"article:modified_time\" content=\"2021-01-14T10:57:40+00:00\" \/>\n<meta name=\"twitter:card\" content=\"summary_large_image\" \/>\n<script type=\"application\/ld+json\" class=\"yoast-schema-graph\">{\"@context\":\"https:\/\/schema.org\",\"@graph\":[{\"@type\":\"WebPage\",\"@id\":\"https:\/\/svdvur.cz\/menu\/\",\"url\":\"https:\/\/svdvur.cz\/menu\/\",\"name\":\"Menu - Svatoj\u00e1nsk\u00fd Dv\u016fr\",\"isPartOf\":{\"@id\":\"https:\/\/svdvur.cz\/#website\"},\"datePublished\":\"2020-05-15T15:39:32+00:00\",\"dateModified\":\"2021-01-14T10:57:40+00:00\",\"description\":\"V na\u0161em menu m\u016f\u017eete nal\u00e9zt \u010deskou a mezin\u00e1rodn\u00ed kuchyni. V n\u00e1pojov\u00e9m l\u00edstku naleznete \u0161irokou nab\u00eddku alkoholick\u00fdch a nealkoholick\u00fdch n\u00e1poj\u016f.\",\"breadcrumb\":{\"@id\":\"https:\/\/svdvur.cz\/menu\/#breadcrumb\"},\"inLanguage\":\"en-GB\",\"potentialAction\":[{\"@type\":\"ReadAction\",\"target\":[\"https:\/\/svdvur.cz\/menu\/\"]}]},{\"@type\":\"BreadcrumbList\",\"@id\":\"https:\/\/svdvur.cz\/menu\/#breadcrumb\",\"itemListElement\":[{\"@type\":\"ListItem\",\"position\":1,\"name\":\"Dom\u016f\",\"item\":\"https:\/\/svdvur.cz\/\"},{\"@type\":\"ListItem\",\"position\":2,\"name\":\"Menu\"}]},{\"@type\":\"WebSite\",\"@id\":\"https:\/\/svdvur.cz\/#website\",\"url\":\"https:\/\/svdvur.cz\/\",\"name\":\"Svatoj\u00e1nsk\u00fd Dv\u016fr\",\"description\":\"Rodinn\u00e1 restaurace a hotel\",\"publisher\":{\"@id\":\"https:\/\/svdvur.cz\/#organization\"},\"potentialAction\":[{\"@type\":\"SearchAction\",\"target\":{\"@type\":\"EntryPoint\",\"urlTemplate\":\"https:\/\/svdvur.cz\/?s={search_term_string}\"},\"query-input\":\"required name=search_term_string\"}],\"inLanguage\":\"en-GB\"},{\"@type\":\"Organization\",\"@id\":\"https:\/\/svdvur.cz\/#organization\",\"name\":\"Svatoj\u00e1nsk\u00fd Dv\u016fr\",\"url\":\"https:\/\/svdvur.cz\/\",\"sameAs\":[\"https:\/\/www.instagram.com\/svatojansky_dvur\/\",\"https:\/\/www.facebook.com\/svdvur\"],\"logo\":{\"@type\":\"ImageObject\",\"inLanguage\":\"en-GB\",\"@id\":\"https:\/\/svdvur.cz\/#\/schema\/logo\/image\/\",\"url\":\"https:\/\/svdvur.cz\/wp-content\/uploads\/2020\/05\/HP_Logo_2.gif\",\"contentUrl\":\"https:\/\/svdvur.cz\/wp-content\/uploads\/2020\/05\/HP_Logo_2.gif\",\"width\":280,\"height\":188,\"caption\":\"Svatoj\u00e1nsk\u00fd Dv\u016fr\"},\"image\":{\"@id\":\"https:\/\/svdvur.cz\/#\/schema\/logo\/image\/\"}}]}<\/script>\n<!-- \/ Yoast SEO plugin. -->","yoast_head_json":{"title":"Menu - Svatoj\u00e1nsk\u00fd Dv\u016fr","description":"V na\u0161em menu m\u016f\u017eete nal\u00e9zt \u010deskou a mezin\u00e1rodn\u00ed kuchyni. V n\u00e1pojov\u00e9m l\u00edstku naleznete \u0161irokou nab\u00eddku alkoholick\u00fdch a nealkoholick\u00fdch n\u00e1poj\u016f.","robots":{"index":"index","follow":"follow","max-snippet":"max-snippet:-1","max-image-preview":"max-image-preview:large","max-video-preview":"max-video-preview:-1"},"canonical":"https:\/\/svdvur.cz\/en\/menu\/","og_locale":"en_GB","og_type":"article","og_title":"Menu - Svatoj\u00e1nsk\u00fd Dv\u016fr","og_description":"V na\u0161em menu m\u016f\u017eete nal\u00e9zt \u010deskou a mezin\u00e1rodn\u00ed kuchyni. V n\u00e1pojov\u00e9m l\u00edstku naleznete \u0161irokou nab\u00eddku alkoholick\u00fdch a nealkoholick\u00fdch n\u00e1poj\u016f.","og_url":"https:\/\/svdvur.cz\/en\/menu\/","og_site_name":"Svatoj\u00e1nsk\u00fd Dv\u016fr","article_publisher":"https:\/\/www.facebook.com\/svdvur","article_modified_time":"2021-01-14T10:57:40+00:00","twitter_card":"summary_large_image","schema":{"@context":"https:\/\/schema.org","@graph":[{"@type":"WebPage","@id":"https:\/\/svdvur.cz\/menu\/","url":"https:\/\/svdvur.cz\/menu\/","name":"Menu - Svatoj\u00e1nsk\u00fd Dv\u016fr","isPartOf":{"@id":"https:\/\/svdvur.cz\/#website"},"datePublished":"2020-05-15T15:39:32+00:00","dateModified":"2021-01-14T10:57:40+00:00","description":"V na\u0161em menu m\u016f\u017eete nal\u00e9zt \u010deskou a mezin\u00e1rodn\u00ed kuchyni. V n\u00e1pojov\u00e9m l\u00edstku naleznete \u0161irokou nab\u00eddku alkoholick\u00fdch a nealkoholick\u00fdch n\u00e1poj\u016f.","breadcrumb":{"@id":"https:\/\/svdvur.cz\/menu\/#breadcrumb"},"inLanguage":"en-GB","potentialAction":[{"@type":"ReadAction","target":["https:\/\/svdvur.cz\/menu\/"]}]},{"@type":"BreadcrumbList","@id":"https:\/\/svdvur.cz\/menu\/#breadcrumb","itemListElement":[{"@type":"ListItem","position":1,"name":"Dom\u016f","item":"https:\/\/svdvur.cz\/"},{"@type":"ListItem","position":2,"name":"Menu"}]},{"@type":"WebSite","@id":"https:\/\/svdvur.cz\/#website","url":"https:\/\/svdvur.cz\/","name":"Svatoj\u00e1nsk\u00fd Dv\u016fr","description":"Rodinn\u00e1 restaurace a hotel","publisher":{"@id":"https:\/\/svdvur.cz\/#organization"},"potentialAction":[{"@type":"SearchAction","target":{"@type":"EntryPoint","urlTemplate":"https:\/\/svdvur.cz\/?s={search_term_string}"},"query-input":"required name=search_term_string"}],"inLanguage":"en-GB"},{"@type":"Organization","@id":"https:\/\/svdvur.cz\/#organization","name":"Svatoj\u00e1nsk\u00fd Dv\u016fr","url":"https:\/\/svdvur.cz\/","sameAs":["https:\/\/www.instagram.com\/svatojansky_dvur\/","https:\/\/www.facebook.com\/svdvur"],"logo":{"@type":"ImageObject","inLanguage":"en-GB","@id":"https:\/\/svdvur.cz\/#\/schema\/logo\/image\/","url":"https:\/\/svdvur.cz\/wp-content\/uploads\/2020\/05\/HP_Logo_2.gif","contentUrl":"https:\/\/svdvur.cz\/wp-content\/uploads\/2020\/05\/HP_Logo_2.gif","width":280,"height":188,"caption":"Svatoj\u00e1nsk\u00fd Dv\u016fr"},"image":{"@id":"https:\/\/svdvur.cz\/#\/schema\/logo\/image\/"}}]}},"_links":{"self":[{"href":"https:\/\/svdvur.cz\/en\/wp-json\/wp\/v2\/pages\/3994","targetHints":{"allow":["GET"]}}],"collection":[{"href":"https:\/\/svdvur.cz\/en\/wp-json\/wp\/v2\/pages"}],"about":[{"href":"https:\/\/svdvur.cz\/en\/wp-json\/wp\/v2\/types\/page"}],"author":[{"embeddable":true,"href":"https:\/\/svdvur.cz\/en\/wp-json\/wp\/v2\/users\/1"}],"replies":[{"embeddable":true,"href":"https:\/\/svdvur.cz\/en\/wp-json\/wp\/v2\/comments?post=3994"}],"version-history":[{"count":67,"href":"https:\/\/svdvur.cz\/en\/wp-json\/wp\/v2\/pages\/3994\/revisions"}],"predecessor-version":[{"id":8080,"href":"https:\/\/svdvur.cz\/en\/wp-json\/wp\/v2\/pages\/3994\/revisions\/8080"}],"wp:attachment":[{"href":"https:\/\/svdvur.cz\/en\/wp-json\/wp\/v2\/media?parent=3994"}],"curies":[{"name":"wp","href":"https:\/\/api.w.org\/{rel}","templated":true}]}}