{"id":9040,"date":"2021-10-26T17:07:45","date_gmt":"2021-10-26T15:07:45","guid":{"rendered":"https:\/\/svdvur.cz\/?page_id=9040"},"modified":"2025-11-07T17:58:56","modified_gmt":"2025-11-07T16:58:56","slug":"svatomartinske-menu","status":"publish","type":"page","link":"https:\/\/svdvur.cz\/cs_cz\/svatomartinske-menu\/","title":{"rendered":"Svatomartinsk\u00e9 menu"},"content":{"rendered":"<div  class=\"one withsmallpadding ppb_text\" style=\"padding:30px 0 30px 0;\" >\n<div class=\"standard_wrapper\">\n<div class=\"page_content_wrapper\">\n<div class=\"inner\">\n<div style=\"margin:auto;width:100%\">\n<h1 style=\"text-align: center;\">11.11. &#8211; 16.11.2025<\/h1>\n<p style=\"text-align: center;\">Po\u010det porc\u00ed je jako ka\u017ed\u00fd rok omezen, proto pros\u00edm p\u0159i vytv\u00e1\u0159en\u00ed<a href=\"tel:+420608340199\"><em><strong> TELEFONICK\u00c9<\/strong><\/em><\/a> rezervace uve\u010fte po\u010det porc\u00ed husy, p\u0159\u00edpadn\u011b jestli jdete na cel\u00e9 menu. Jedn\u00e1 se pouze o rezervaci porce, aby se nestalo, \u017ee na n\u011bkoho husa ji\u017e nezbude.<\/p>\n<p style=\"text-align: center;\">!! Objedn\u00e1vat se bude a\u017e na m\u00edst\u011b !!<\/p>\n<p style=\"text-align: center;\">Krom\u011b svatomartinsk\u00e9ho menu bude po cel\u00fd t\u00fdden od \u00fater\u00fd 11.11. do ned\u011ble 16.11. k dispozici pouze <span style=\"text-decoration: underline;\"><strong>omezen\u00fd<\/strong><\/span> j\u00eddeln\u00ed l\u00edstek, kter\u00fd naleznete n\u00ed\u017ee.<br \/>\nT\u011b\u0161\u00edme se na v\u00e1s!<\/p>\n<h3 style=\"text-align: center;\">REZERVACE POUZE TELEFONICKY NA \u010c\u00cdSLE <a href=\"tel:+420608340199\">608340199<\/a>!<\/h3>\n<p style=\"text-align: center;\">Vymezen\u00e9 \u010dasy rezervac\u00ed:<\/p>\n<p style=\"text-align: center;\"><strong>ob\u011bd: 11:00-13:30<\/strong><br \/>\n<strong>pozdn\u00ed ob\u011bd: 13:30-17:00<\/strong><br \/>\n<strong>ve\u010de\u0159e: 17:00-19:30<\/strong><br \/>\n<strong>pozdn\u00ed ve\u010de\u0159e: 19:30+<\/strong><\/p>\n<\/div>\n<\/div>\n<\/div>\n<\/div>\n<\/div>\n<div class=\"standard_wrapper\">\n<div  class=\"one\" style=\"padding:30px 0 30px 0;\" >\n<div class=\"page_content_wrapper\">\n<div class=\"inner\">\n<div class=\"one_third\">\n<div class=\"image_classic_frame expand animate\">\n<div class=\"image_wrapper\"><a href=\"https:\/\/svdvur.cz\/wp-content\/uploads\/2025\/11\/1.jpg\" class=\"img_frame\"><img decoding=\"async\" src=\"https:\/\/svdvur.cz\/wp-content\/uploads\/2025\/11\/1.jpg\" alt=\"\" class=\"portfolio_img\" alt=\"\"\/><\/a><\/div>\n<\/div>\n<\/div>\n<div class=\"one_third\">\n<div class=\"image_classic_frame expand animate\">\n<div class=\"image_wrapper\"><a href=\"https:\/\/svdvur.cz\/wp-content\/uploads\/2025\/11\/2.jpg\" class=\"img_frame\"><img decoding=\"async\" src=\"https:\/\/svdvur.cz\/wp-content\/uploads\/2025\/11\/2.jpg\" alt=\"\" class=\"portfolio_img\" alt=\"\"\/><\/a><\/div>\n<\/div>\n<\/div>\n<div class=\"one_third last animate\">\n<div class=\"image_classic_frame expand\">\n<div class=\"image_wrapper\"><a href=\"https:\/\/svdvur.cz\/wp-content\/uploads\/2025\/11\/Omezeny-jidelni-listek-husy-2025-scaled.jpg\" class=\"img_frame\"><img decoding=\"async\" src=\"https:\/\/svdvur.cz\/wp-content\/uploads\/2025\/11\/Omezeny-jidelni-listek-husy-2025-scaled.jpg\" alt=\"\" class=\"portfolio_img\" alt=\"\"\/><\/a><\/div>\n<\/div>\n<\/div>\n<\/div>\n<\/div>\n<\/div>\n<\/div>\n<div class=\"standard_wrapper\">\n<div  class=\"one\" style=\"padding:30px 0 30px 0;\" >\n<div class=\"page_content_wrapper\">\n<div class=\"inner\">\n<div class=\"image_classic_frame expand animate\">\n<div class=\"image_wrapper\"><a href=\"https:\/\/svdvur.cz\/wp-content\/uploads\/2025\/11\/413DC624-F408-40C9-8AB1-A9E14501DDF4.png\" class=\"img_frame\"><img decoding=\"async\" src=\"https:\/\/svdvur.cz\/wp-content\/uploads\/2025\/11\/413DC624-F408-40C9-8AB1-A9E14501DDF4.png\" class=\"portfolio_img\" alt=\"\"\/><\/a><\/div>\n<\/div>\n<\/div>\n<\/div>\n<\/div>\n<\/div>\n","protected":false},"excerpt":{"rendered":"<p>11.11. &#8211; 16.11.2025 Po\u010det porc\u00ed je jako ka\u017ed\u00fd rok omezen, proto pros\u00edm p\u0159i vytv\u00e1\u0159en\u00ed TELEFONICK\u00c9 rezervace uve\u010fte po\u010det porc\u00ed husy, p\u0159\u00edpadn\u011b jestli jdete na cel\u00e9 menu. Jedn\u00e1 se pouze o rezervaci porce, aby se nestalo, \u017ee na n\u011bkoho husa ji\u017e [&hellip;]<\/p>\n","protected":false},"author":2,"featured_media":9067,"parent":0,"menu_order":2,"comment_status":"closed","ping_status":"closed","template":"","meta":{"footnotes":""},"class_list":["post-9040","page","type-page","status-publish","has-post-thumbnail","hentry"],"yoast_head":"<!-- This site is optimized with the Yoast SEO plugin v19.5.1 - https:\/\/yoast.com\/wordpress\/plugins\/seo\/ -->\n<title>Svatomartinsk\u00e9 menu 2026 - Svatoj\u00e1nsk\u00fd Dv\u016fr<\/title>\n<meta name=\"description\" content=\"Svatomartinsk\u00e9 menu v unik\u00e1tn\u00edch historick\u00fdch prostorech Svatoj\u00e1nsk\u00e9ho Dvora. P\u0159ij\u010fte si u\u017e\u00edt nezapomenutelnou atmosf\u00e9ru u rozp\u00e1len\u00e9ho krbu.\" \/>\n<meta name=\"robots\" content=\"index, follow, max-snippet:-1, max-image-preview:large, max-video-preview:-1\" \/>\n<link rel=\"canonical\" href=\"https:\/\/svdvur.cz\/cs_cz\/svatomartinske-menu\/\" \/>\n<meta property=\"og:locale\" content=\"cs_CZ\" \/>\n<meta property=\"og:type\" content=\"article\" \/>\n<meta property=\"og:title\" content=\"Svatomartinsk\u00e9 menu 2026 - Svatoj\u00e1nsk\u00fd Dv\u016fr\" \/>\n<meta property=\"og:description\" content=\"Svatomartinsk\u00e9 menu v unik\u00e1tn\u00edch historick\u00fdch prostorech Svatoj\u00e1nsk\u00e9ho Dvora. P\u0159ij\u010fte si u\u017e\u00edt nezapomenutelnou atmosf\u00e9ru u rozp\u00e1len\u00e9ho krbu.\" \/>\n<meta property=\"og:url\" content=\"https:\/\/svdvur.cz\/cs_cz\/svatomartinske-menu\/\" \/>\n<meta property=\"og:site_name\" content=\"Svatoj\u00e1nsk\u00fd Dv\u016fr\" \/>\n<meta property=\"article:publisher\" content=\"https:\/\/www.facebook.com\/svdvur\" \/>\n<meta property=\"article:modified_time\" content=\"2025-11-07T16:58:56+00:00\" \/>\n<meta property=\"og:image\" content=\"https:\/\/svdvur.cz\/wp-content\/uploads\/2021\/10\/roast-goose-3790417_1920.jpg\" \/>\n\t<meta property=\"og:image:width\" content=\"1920\" \/>\n\t<meta property=\"og:image:height\" content=\"1281\" \/>\n\t<meta property=\"og:image:type\" content=\"image\/jpeg\" \/>\n<meta name=\"twitter:card\" content=\"summary_large_image\" \/>\n<meta name=\"twitter:label1\" content=\"Odhadovan\u00e1 doba \u010dten\u00ed\" \/>\n\t<meta name=\"twitter:data1\" content=\"1 minuta\" \/>\n<script type=\"application\/ld+json\" class=\"yoast-schema-graph\">{\"@context\":\"https:\/\/schema.org\",\"@graph\":[{\"@type\":\"WebPage\",\"@id\":\"https:\/\/svdvur.cz\/svatomartinske-menu\/\",\"url\":\"https:\/\/svdvur.cz\/svatomartinske-menu\/\",\"name\":\"Svatomartinsk\u00e9 menu 2026 - Svatoj\u00e1nsk\u00fd Dv\u016fr\",\"isPartOf\":{\"@id\":\"https:\/\/svdvur.cz\/#website\"},\"datePublished\":\"2021-10-26T15:07:45+00:00\",\"dateModified\":\"2025-11-07T16:58:56+00:00\",\"description\":\"Svatomartinsk\u00e9 menu v unik\u00e1tn\u00edch historick\u00fdch prostorech Svatoj\u00e1nsk\u00e9ho Dvora. P\u0159ij\u010fte si u\u017e\u00edt nezapomenutelnou atmosf\u00e9ru u rozp\u00e1len\u00e9ho krbu.\",\"breadcrumb\":{\"@id\":\"https:\/\/svdvur.cz\/svatomartinske-menu\/#breadcrumb\"},\"inLanguage\":\"cs\",\"potentialAction\":[{\"@type\":\"ReadAction\",\"target\":[\"https:\/\/svdvur.cz\/svatomartinske-menu\/\"]}]},{\"@type\":\"BreadcrumbList\",\"@id\":\"https:\/\/svdvur.cz\/svatomartinske-menu\/#breadcrumb\",\"itemListElement\":[{\"@type\":\"ListItem\",\"position\":1,\"name\":\"Dom\u016f\",\"item\":\"https:\/\/svdvur.cz\/\"},{\"@type\":\"ListItem\",\"position\":2,\"name\":\"Svatomartinsk\u00e9 menu\"}]},{\"@type\":\"WebSite\",\"@id\":\"https:\/\/svdvur.cz\/#website\",\"url\":\"https:\/\/svdvur.cz\/\",\"name\":\"Svatoj\u00e1nsk\u00fd Dv\u016fr\",\"description\":\"Rodinn\u00e1 restaurace a hotel\",\"publisher\":{\"@id\":\"https:\/\/svdvur.cz\/#organization\"},\"potentialAction\":[{\"@type\":\"SearchAction\",\"target\":{\"@type\":\"EntryPoint\",\"urlTemplate\":\"https:\/\/svdvur.cz\/?s={search_term_string}\"},\"query-input\":\"required name=search_term_string\"}],\"inLanguage\":\"cs\"},{\"@type\":\"Organization\",\"@id\":\"https:\/\/svdvur.cz\/#organization\",\"name\":\"Svatoj\u00e1nsk\u00fd Dv\u016fr\",\"url\":\"https:\/\/svdvur.cz\/\",\"sameAs\":[\"https:\/\/www.instagram.com\/svatojansky_dvur\/\",\"https:\/\/www.facebook.com\/svdvur\"],\"logo\":{\"@type\":\"ImageObject\",\"inLanguage\":\"cs\",\"@id\":\"https:\/\/svdvur.cz\/#\/schema\/logo\/image\/\",\"url\":\"https:\/\/svdvur.cz\/wp-content\/uploads\/2020\/05\/HP_Logo_2.gif\",\"contentUrl\":\"https:\/\/svdvur.cz\/wp-content\/uploads\/2020\/05\/HP_Logo_2.gif\",\"width\":280,\"height\":188,\"caption\":\"Svatoj\u00e1nsk\u00fd Dv\u016fr\"},\"image\":{\"@id\":\"https:\/\/svdvur.cz\/#\/schema\/logo\/image\/\"}}]}<\/script>\n<!-- \/ Yoast SEO plugin. -->","yoast_head_json":{"title":"Svatomartinsk\u00e9 menu 2026 - Svatoj\u00e1nsk\u00fd Dv\u016fr","description":"Svatomartinsk\u00e9 menu v unik\u00e1tn\u00edch historick\u00fdch prostorech Svatoj\u00e1nsk\u00e9ho Dvora. P\u0159ij\u010fte si u\u017e\u00edt nezapomenutelnou atmosf\u00e9ru u rozp\u00e1len\u00e9ho krbu.","robots":{"index":"index","follow":"follow","max-snippet":"max-snippet:-1","max-image-preview":"max-image-preview:large","max-video-preview":"max-video-preview:-1"},"canonical":"https:\/\/svdvur.cz\/cs_cz\/svatomartinske-menu\/","og_locale":"cs_CZ","og_type":"article","og_title":"Svatomartinsk\u00e9 menu 2026 - Svatoj\u00e1nsk\u00fd Dv\u016fr","og_description":"Svatomartinsk\u00e9 menu v unik\u00e1tn\u00edch historick\u00fdch prostorech Svatoj\u00e1nsk\u00e9ho Dvora. P\u0159ij\u010fte si u\u017e\u00edt nezapomenutelnou atmosf\u00e9ru u rozp\u00e1len\u00e9ho krbu.","og_url":"https:\/\/svdvur.cz\/cs_cz\/svatomartinske-menu\/","og_site_name":"Svatoj\u00e1nsk\u00fd Dv\u016fr","article_publisher":"https:\/\/www.facebook.com\/svdvur","article_modified_time":"2025-11-07T16:58:56+00:00","og_image":[{"width":1920,"height":1281,"url":"https:\/\/svdvur.cz\/wp-content\/uploads\/2021\/10\/roast-goose-3790417_1920.jpg","type":"image\/jpeg"}],"twitter_card":"summary_large_image","twitter_misc":{"Odhadovan\u00e1 doba \u010dten\u00ed":"1 minuta"},"schema":{"@context":"https:\/\/schema.org","@graph":[{"@type":"WebPage","@id":"https:\/\/svdvur.cz\/svatomartinske-menu\/","url":"https:\/\/svdvur.cz\/svatomartinske-menu\/","name":"Svatomartinsk\u00e9 menu 2026 - Svatoj\u00e1nsk\u00fd Dv\u016fr","isPartOf":{"@id":"https:\/\/svdvur.cz\/#website"},"datePublished":"2021-10-26T15:07:45+00:00","dateModified":"2025-11-07T16:58:56+00:00","description":"Svatomartinsk\u00e9 menu v unik\u00e1tn\u00edch historick\u00fdch prostorech Svatoj\u00e1nsk\u00e9ho Dvora. P\u0159ij\u010fte si u\u017e\u00edt nezapomenutelnou atmosf\u00e9ru u rozp\u00e1len\u00e9ho krbu.","breadcrumb":{"@id":"https:\/\/svdvur.cz\/svatomartinske-menu\/#breadcrumb"},"inLanguage":"cs","potentialAction":[{"@type":"ReadAction","target":["https:\/\/svdvur.cz\/svatomartinske-menu\/"]}]},{"@type":"BreadcrumbList","@id":"https:\/\/svdvur.cz\/svatomartinske-menu\/#breadcrumb","itemListElement":[{"@type":"ListItem","position":1,"name":"Dom\u016f","item":"https:\/\/svdvur.cz\/"},{"@type":"ListItem","position":2,"name":"Svatomartinsk\u00e9 menu"}]},{"@type":"WebSite","@id":"https:\/\/svdvur.cz\/#website","url":"https:\/\/svdvur.cz\/","name":"Svatoj\u00e1nsk\u00fd Dv\u016fr","description":"Rodinn\u00e1 restaurace a hotel","publisher":{"@id":"https:\/\/svdvur.cz\/#organization"},"potentialAction":[{"@type":"SearchAction","target":{"@type":"EntryPoint","urlTemplate":"https:\/\/svdvur.cz\/?s={search_term_string}"},"query-input":"required name=search_term_string"}],"inLanguage":"cs"},{"@type":"Organization","@id":"https:\/\/svdvur.cz\/#organization","name":"Svatoj\u00e1nsk\u00fd Dv\u016fr","url":"https:\/\/svdvur.cz\/","sameAs":["https:\/\/www.instagram.com\/svatojansky_dvur\/","https:\/\/www.facebook.com\/svdvur"],"logo":{"@type":"ImageObject","inLanguage":"cs","@id":"https:\/\/svdvur.cz\/#\/schema\/logo\/image\/","url":"https:\/\/svdvur.cz\/wp-content\/uploads\/2020\/05\/HP_Logo_2.gif","contentUrl":"https:\/\/svdvur.cz\/wp-content\/uploads\/2020\/05\/HP_Logo_2.gif","width":280,"height":188,"caption":"Svatoj\u00e1nsk\u00fd Dv\u016fr"},"image":{"@id":"https:\/\/svdvur.cz\/#\/schema\/logo\/image\/"}}]}},"_links":{"self":[{"href":"https:\/\/svdvur.cz\/cs_cz\/wp-json\/wp\/v2\/pages\/9040","targetHints":{"allow":["GET"]}}],"collection":[{"href":"https:\/\/svdvur.cz\/cs_cz\/wp-json\/wp\/v2\/pages"}],"about":[{"href":"https:\/\/svdvur.cz\/cs_cz\/wp-json\/wp\/v2\/types\/page"}],"author":[{"embeddable":true,"href":"https:\/\/svdvur.cz\/cs_cz\/wp-json\/wp\/v2\/users\/2"}],"replies":[{"embeddable":true,"href":"https:\/\/svdvur.cz\/cs_cz\/wp-json\/wp\/v2\/comments?post=9040"}],"version-history":[{"count":48,"href":"https:\/\/svdvur.cz\/cs_cz\/wp-json\/wp\/v2\/pages\/9040\/revisions"}],"predecessor-version":[{"id":11033,"href":"https:\/\/svdvur.cz\/cs_cz\/wp-json\/wp\/v2\/pages\/9040\/revisions\/11033"}],"wp:featuredmedia":[{"embeddable":true,"href":"https:\/\/svdvur.cz\/cs_cz\/wp-json\/wp\/v2\/media\/9067"}],"wp:attachment":[{"href":"https:\/\/svdvur.cz\/cs_cz\/wp-json\/wp\/v2\/media?parent=9040"}],"curies":[{"name":"wp","href":"https:\/\/api.w.org\/{rel}","templated":true}]}}