{"id":4117,"date":"2020-05-19T22:49:12","date_gmt":"2020-05-19T20:49:12","guid":{"rendered":"http:\/\/test.svdvur.cz\/?page_id=4117"},"modified":"2022-11-10T14:35:03","modified_gmt":"2022-11-10T13:35:03","slug":"sluzby","status":"publish","type":"page","link":"http:\/\/svdvur.cz\/cs_cz\/sluzby\/","title":{"rendered":"Slu\u017eby"},"content":{"rendered":"<div  class=\"one withsmallpadding ppb_header \" style=\"text-align:left;padding:30px 0 30px 0;\" >\n<div class=\"standard_wrapper\">\n<div class=\"page_content_wrapper\">\n<div class=\"inner\">\n<h2 class=\"ppb_title\" style=\"\"><span class=\"ppb_title_first\" >Slu\u017eby<\/span><\/h2>\n<div class=\"page_header_sep left\"><\/div>\n<p>A\u0165 u\u017e pl\u00e1nujete svatbu, narozeninovou oslavu, firemn\u00ed ve\u010d\u00edrek, rodinnou se\u0161lost nebo t\u0159eba promoci, ve Svatoj\u00e1nsk\u00e9m Dvo\u0159e se budeme v\u017edy sna\u017eit vyhov\u011bt Va\u0161im po\u017eadavk\u016fm a p\u0159\u00e1n\u00edm. Nab\u00edz\u00edme \u0159adu slu\u017eeb nad r\u00e1mec b\u011b\u017en\u00e9ho pohostinstv\u00ed, o kter\u00fdch se dozv\u00edte n\u00ed\u017ee.<\/p>\n<\/div>\n<\/div>\n<\/div>\n<\/div>\n<div  class=\"one\" style=\"padding:0px 0 0px 0;\" >\n<div class=\"standard_wrapper\">\n<div class=\"page_content_wrapper\">\n<div class=\"inner\">\n<div class=\"one_half content_middle animate textright\">\n<h2 class=\"ppb_title\" ><span class=\"ppb_title_first\" >Grilov\u00e1n\u00ed<\/span>Venkovn\u00ed kuchyn\u011b pro po\u0159\u00e1d\u00e1n\u00ed ve\u0159ejn\u00fdch i soukrom\u00fdch akc\u00ed<\/h2>\n<div class=\"page_header_sep left\" ><\/div>\n<p>Na\u0161e p\u00edskovcov\u00e1 letn\u00ed kuchyn\u011b nab\u00edz\u00ed \u0161irok\u00e9 mo\u017enosti p\u0159\u00edpravy v\u0161ech pokrm\u016f.<br \/>\n\u2022 Gril na zemn\u00ed plyn i d\u0159ev\u011bn\u00e9 uhl\u00ed, kde je mo\u017en\u00e9 p\u0159ipravit steaky, burgery a dal\u0161\u00ed grilovan\u00e9 speciality.<br \/>\n\u2022 Men\u0161\u00ed a v\u011bt\u0161\u00ed krb na p\u0159\u00edpravu vep\u0159ov\u00e9 k\u00fdty, selete, kr\u016fty, \u0161p\u00edz\u016f, ku\u0159at, kachen (v\u0161echny tyto pokrmy m\u016f\u017eeme tak\u00e9 p\u0159ipravit ve vnit\u0159n\u00edm krbu v restauraci) a tak\u00e9 mo\u017enost\u00ed vlo\u017een\u00ed kotle na gul\u00e1\u0161 a nejr\u016fzn\u011bj\u0161\u00ed masov\u00e9 sm\u011bsi.<br \/>\n\u2022 Men\u0161\u00ed a v\u011bt\u0161\u00ed pec na p\u0159\u00edpravu dom\u00e1c\u00edho pe\u010diva, buchet a pinsy.<br \/>\n(Pinsa je p\u0159edch\u016fdce o dost zn\u00e1m\u011bj\u0161\u00ed pizzy, p\u016fvodn\u00ed receptura se datuje a\u017e do dob antick\u00e9ho \u0158\u00edma. Vyzna\u010duje se hlavn\u011b slo\u017eitou p\u0159\u00edpravou t\u011bsta, kyne toti\u017e 72 hodin a d\u00edky velk\u00e9mu obsahu vody v t\u011bst\u011b je lehce straviteln\u00e1 a lehk\u00e1, p\u0159itom si udr\u017euje k\u0159upavou strukturu a vl\u00e1\u010dnost).<br \/>\n\u2022 Ud\u00edrna na p\u0159\u00edpravu nejr\u016fzn\u011bj\u0161\u00edch uzen\u00fdch specialit. Nej\u010dast\u011bji zde p\u0159ipravujeme kachn\u00ed prsa, dom\u00e1c\u00ed klob\u00e1sy, pstruhy, makrely, panenku nebo \u017eebra.<br \/>\nP\u0159\u00edmo v prostorech letn\u00ed kuchyn\u011b je mo\u017en\u00e9 um\u00edstit raut a\u017e pro 120 osob a Vy si p\u0159\u00edpravu pokrm\u016f m\u016f\u017eete prohl\u00e9dnout na vlastn\u00ed o\u010di.<br \/>\nVe venkovn\u00ed kuchyni po\u0159\u00e1d\u00e1me nejen ve\u0159ejn\u00e9 akce spojen\u00e9 s grilov\u00e1n\u00edm a rauty, ale je zde tak\u00e9 mo\u017enost si tento prostor s \u010d\u00e1st\u00ed zahr\u00e1dky rezervovat nebo pronajmout na soukrom\u00e9 akce a oslavy.<\/div>\n<div class=\"one_half last\"><\/div>\n<p><br class=\"clear\"\/><\/div>\n<\/div>\n<\/div>\n<\/div>\n<div  class=\"one ppb_card_two_cols_with_image\" style=\"position:relative;padding:0px 0 0px 0;\" >\n<div class=\"standard_wrapper\">\n<div class=\"page_content_wrapper\">\n<div class=\"inner\">\n<div class=\"one_half parallax_scroll\" style=\"width:50%;position:absolute;left:90px;padding:0px;z-index:2;block !important;background:#fff;\" data-stellar-ratio=\"1.3\">\n<h2 class=\"ppb_title\" ><span class=\"ppb_title_first\" >Akce<\/span>Pravideln\u00e9 po\u0159\u00e1d\u00e1n\u00ed nejr\u016fzn\u011bj\u0161\u00edch t\u00e9matick\u00fdch akc\u00ed pro ve\u0159ejnost<\/h2>\n<div class=\"page_header_sep left\" ><\/div>\n<p>Pravideln\u011b p\u0159ipravujeme t\u00e9matick\u00e9 akce s grilov\u00e1n\u00edm, hudbou a speci\u00e1ln\u00edm menu v\u00e1zan\u00e9m k dan\u00e9 p\u0159\u00edle\u017eitosti. O v\u0161ech na\u0161ich ve\u0159ejn\u00fdch akc\u00edch dop\u0159edu informujeme prim\u00e1rn\u011b na <em><strong><a href=\"https:\/\/www.facebook.com\/svdvur\/\">Facebooku<\/a><\/strong><\/em>. Fotky z p\u0159ede\u0161l\u00fdch akc\u00ed si m\u016f\u017eete prohl\u00e9dnout na na\u0161em <em><strong><a href=\"https:\/\/www.instagram.com\/svatojansky_dvur\/?hl=cs\">Instagramu<\/a><\/strong><\/em>, a nebo zde v <a href=\"https:\/\/svdvur.cz\/\/galerie\/\"><em><strong>galerii<\/strong><\/em><\/a>.<\/div>\n<div class=\"one_half parallax_scroll_image last\" style=\"width:50%;\"><\/div>\n<p><br class=\"clear\"\/><\/div>\n<\/div>\n<\/div>\n<\/div>\n<div  class=\"one ppb_card_two_cols_with_image\" style=\"position:relative;padding:0px 0 0px 0;\" >\n<div class=\"standard_wrapper\">\n<div class=\"page_content_wrapper\">\n<div class=\"inner\">\n<div class=\"one_half parallax_scroll\" style=\"width:50%;position:absolute;left:90px;padding:0px;z-index:2;block !important;background:#fff;\" data-stellar-ratio=\"1.3\">\n<h2 class=\"ppb_title\" ><span class=\"ppb_title_first\" >Akce<\/span>Pravideln\u00e9 po\u0159\u00e1d\u00e1n\u00ed nejr\u016fzn\u011bj\u0161\u00edch t\u00e9matick\u00fdch akc\u00ed pro ve\u0159ejnost<\/h2>\n<div class=\"page_header_sep left\" ><\/div>\n<p>Pravideln\u011b p\u0159ipravujeme t\u00e9matick\u00e9 akce s grilov\u00e1n\u00edm, hudbou a speci\u00e1ln\u00edm menu v\u00e1zan\u00e9m k dan\u00e9 p\u0159\u00edle\u017eitosti. O v\u0161ech na\u0161ich ve\u0159ejn\u00fdch akc\u00edch dop\u0159edu informujeme prim\u00e1rn\u011b na <em><strong><a href=\"https:\/\/www.facebook.com\/svdvur\/\">Facebooku<\/a><\/strong><\/em>. Fotky z p\u0159ede\u0161l\u00fdch akc\u00ed si m\u016f\u017eete prohl\u00e9dnout na na\u0161em <em><strong><a href=\"https:\/\/www.instagram.com\/svatojansky_dvur\/?hl=cs\">Instagramu<\/a><\/strong><\/em>, a nebo zde v <a href=\"https:\/\/svdvur.cz\/\/galerie\/\"><em><strong>galerii<\/strong><\/em><\/a>.<\/div>\n<div class=\"one_half parallax_scroll_image last\" style=\"width:50%;\"><\/div>\n<p><br class=\"clear\"\/><\/div>\n<\/div>\n<\/div>\n<\/div>\n<div  class=\"one\" >\n<div class=\"page_content_wrapper nopadding\">\n<div class=\"one_half_bg textright\" style=\"padding:0px;\">\n<h2 class=\"ppb_title\" ><span class=\"ppb_title_first\" >Rauty<\/span>Po\u0159\u00e1d\u00e1n\u00ed firemn\u00edch ve\u010d\u00edrku a nejr\u016fzn\u011bj\u0161\u00edch soukrom\u00fdch akc\u00ed<\/h2>\n<div class=\"page_header_sep left\" ><\/div>\n<div class=\"nicepadding\">A\u0165 u\u017e se jedn\u00e1 o firemn\u00ed akce, ve\u010d\u00edrky, nebo nejr\u016fzn\u011bj\u0161\u00ed oslavy, p\u0159iprav\u00edme raut p\u0159esn\u011b podle Va\u0161ich p\u0159edstav.<br \/>\n\u2022 P\u0159iprav\u00edme raut i s programem od 30-200 osob<br \/>\n\u2022 V\u0161echny rauty zdob\u00edme a lad\u00edme k dan\u00e9 p\u0159\u00edle\u017eitosti<br \/>\n\u2022 M\u00e1me k dispozici vnit\u0159n\u00ed i venkovn\u00ed kryt\u00e9 prostory<br \/>\n\u2022 V p\u0159\u00edpad\u011b z\u00e1jmu m\u016f\u017eeme zajistit kapelu, nebo vytvo\u0159it t\u00e9matickou akci (moravsk\u00fd ve\u010der, spojen\u00fd s tradi\u010dn\u00ed hudbou, ko\u0161tem moravsk\u00fdch v\u00edn, p\u00e1lenky a dom\u00e1c\u00edch uzen\u00fdch specialit a s\u00fdr\u016f, nebo nap\u0159\u00edklad za\u0159\u00eddit zab\u00edja\u010dku)<br \/>\n\u2022 Mo\u017enost grilov\u00e1n\u00ed ve vnit\u0159n\u00edm krbu na otev\u0159en\u00e9m ohni\u0161ti (kachny, ku\u0159ata, kr\u016fty, \u0161p\u00edzy, k\u00fdta, sele)<br \/>\n\u2022 Vyu\u017eit\u00ed venkovn\u00ed kuchyn\u011b na p\u0159\u00edpravu \u010derstv\u00fdch specialit i s mo\u017enost\u00ed um\u00edst\u011bn\u00ed rautu (2 grily, 2 krby, 2 pece a ud\u00edrna)<br \/>\n\u2022 M\u00e1me neomezen\u00e9 mo\u017enosti pestrosti rautu<br \/>\n\u2022 Pe\u010deme si vlastn\u00ed dorty a vyr\u00e1b\u00edme nejr\u016fzn\u011bj\u0161\u00ed dezerty<br \/>\n\u2022 Klademe d\u016fraz na vlastn\u00ed v\u00fdrobu a zpracov\u00e1n\u00ed (dom\u00e1c\u00ed kysan\u00e9 zel\u00ed, uzen\u00e9 v\u00fdrobky, zpracov\u00e1n\u00ed cel\u00fdch kachen)<br \/>\n\u2022 Pro milovn\u00edky v\u00edna je zde mo\u017enost vinn\u00e9ho koutku s prezentac\u00ed vybran\u00fdch druh\u016f v\u00edn s ochutn\u00e1vkou a pro rumov\u00e9 nad\u0161ence zase degustace a prezentace vybran\u00fdch druh\u016f karibsk\u00fdch rum\u016f<br \/>\n\u2022 M\u016f\u017eeme nab\u00eddnout i ubytov\u00e1n\u00ed v n\u011bkter\u00e9m z na\u0161ich deseti pokoj\u016f<br \/>\n\u2022 Ka\u017ed\u00fd raut d\u011bl\u00e1me na m\u00edru dle p\u0159\u00e1n\u00ed a po\u017eadavk\u016f z\u00e1kazn\u00edka<\/div>\n<\/div>\n<div class=\"one_half_bg\"><\/div>\n<p><br class=\"clear\"\/><\/div>\n<\/div>\n<div  class=\"one ppb_card_two_cols_with_image\" style=\"position:relative;padding:0px 0 0px 0;\" >\n<div class=\"standard_wrapper\">\n<div class=\"page_content_wrapper\">\n<div class=\"inner\">\n<div class=\"one_half parallax_scroll\" style=\"width:50%;position:absolute;left:90px;padding:0px;z-index:2;block !important;background:#fff;\" data-stellar-ratio=\"1.3\">\n<h2 class=\"ppb_title\" ><span class=\"ppb_title_first\" >Svatby<\/span>Po\u0159\u00e1d\u00e1n\u00ed svateb v\u010detn\u011b komplexn\u00edch slu\u017eeb<\/h2>\n<div class=\"page_header_sep left\" ><\/div>\n<p>Uspo\u0159\u00e1d\u00e1me svatbu Va\u0161ich sn\u016f.<br \/>\nKa\u017edou svatbu \u0159e\u0161\u00edme individu\u00e1ln\u011b a mysl\u00edme na v\u0161echny detaily. Je pro n\u00e1s nesm\u00edrn\u011b d\u016fle\u017eit\u00e9, abyste na svou svatbu v\u017edycky vzpom\u00ednali jen v tom nejlep\u0161\u00edm, a proto ud\u011bl\u00e1me v\u0161e, abyste byli spokojeni. Nejd\u0159\u00edve sjedn\u00e1me osobn\u00ed sch\u016fzku pro sd\u011blen\u00ed va\u0161\u00ed p\u0159edstavy, pot\u00e9 za\u0161leme nab\u00eddku na m\u00edru dle va\u0161ich po\u017eadavk\u016f.<br \/>\nN\u00ed\u017ee se dozv\u00edte p\u0159\u00edklady toho, co v\u0161e je mo\u017en\u00e9 u n\u00e1s za\u0159\u00eddit.<\/div>\n<div class=\"one_half parallax_scroll_image last\" style=\"width:50%;\"><\/div>\n<p><br class=\"clear\"\/><\/div>\n<\/div>\n<\/div>\n<\/div>\n<div  class=\"one withsmallpadding ppb_text\" style=\"padding:30px 0 30px 0;\" >\n<div class=\"standard_wrapper\">\n<div class=\"page_content_wrapper\">\n<div class=\"inner\">\n<div style=\"margin:auto;width:100%\">\n<p><iframe loading=\"lazy\" src=\"https:\/\/www.youtube.com\/embed\/L7NNJ7U-0PY\" width=\"1180\" height=\"620\" frameborder=\"0\" allowfullscreen=\"allowfullscreen\"><\/iframe><\/p>\n<\/div>\n<\/div>\n<\/div>\n<\/div>\n<\/div>\n<div  class=\"one withsmallpadding ppb_content_half_bg \" style=\"padding:30px 0 30px 0;\" >\n<div class=\"standard_wrapper\">\n<div class=\"page_content_wrapper\">\n<div class=\"inner\">\n<div class=\"one_half_bg floatright\" style=\"background:#ffffff;background:rgb(255,255,255,1);background:rgba(255,255,255,1);\">\n<h2 class=\"ppb_title\" style=\"\"><span class=\"ppb_title_first\" >Nab\u00eddka:<\/span><\/h2>\n<div class=\"page_header_sep left\" ><\/div>\n<\/p>\n<ul>\n<li>Ob\u0159ad u n\u00e1s, se zap\u016fj\u010den\u00edm svatebn\u00edho oblouku s\u00a0v\u00fdzdobou<\/li>\n<li>V\u00a0p\u0159\u00edpad\u011b ob\u0159adu v\u00a0jin\u00e9m m\u00edst\u011b, je mo\u017en\u00e9 r\u00e1no p\u0159ijet na ob\u010derstven\u00ed a zdoben\u00ed aut<\/li>\n<li>Nazdoben\u00ed voz\u016f (nev\u011bsta\/\u017eenich\/svateb\u010dan\u00e9)<\/li>\n<li>Uv\u00edtac\u00ed koutek se svatebn\u00edm harmonogramem a pl\u00e1nem svatby<\/li>\n<li>P\u0159iv\u00edt\u00e1n\u00ed svateb\u010dan\u016f klasick\u00fdmi uv\u00edtac\u00edmi tradicemi<\/li>\n<li>Zap\u016fj\u010den\u00ed svatebn\u00edho chomoutu nebo \u017eel\u00edzek a koule na nohu<\/li>\n<li>Foto koutek s\u00a0rekvizitami (mo\u017eno zajistit fotoapar\u00e1t INSTAX)<\/li>\n<li>D\u011btsk\u00fd koutek, nebo k dispozici venkovn\u00ed h\u0159i\u0161t\u011b<\/li>\n<li>\u0160irok\u00fd v\u00fdb\u011br barev a styl\u016f v\u00fdzdoby<\/li>\n<li>V\u00fdzdoba svatebn\u00ed tabule<\/li>\n<li>V\u00fdzdoba vnit\u0159n\u00edch prostor<\/li>\n<li>V\u00fdzdoba venkovn\u00edch prostor<\/li>\n<li>V\u00fdzdoba tane\u010dn\u00edho parketu<\/li>\n<li>V\u00fdzdoba koutku na svatebn\u00ed dary a p\u0159\u00e1n\u00ed<\/li>\n<li>V\u00fdzdoba exteri\u00e9ru mezi stromy na focen\u00ed<\/li>\n<li>Unik\u00e1tn\u00ed historick\u00e9 \u201etr\u016fny\u201c pro nev\u011bstu a \u017eenicha<\/li>\n<li>Svatebn\u00ed tabule v s\u00e1le, nebo venku na kryt\u00e9 zahr\u00e1dce<\/li>\n<li>Libovoln\u00e9 serv\u00edrovan\u00e9 menu<\/li>\n<li>Svatebn\u00ed raut dle va\u0161eho p\u0159\u00e1n\u00ed (velk\u00e1 \u0161k\u00e1la v\u00fdb\u011bru pestrosti rautu)<\/li>\n<\/ul>\n<\/div>\n<\/div>\n<\/div>\n<\/div>\n<\/div>\n<div  class=\"one withsmallpadding ppb_content_half_bg \" style=\"padding:30px 0 30px 0;\" >\n<div class=\"standard_wrapper\">\n<div class=\"page_content_wrapper\">\n<div class=\"inner\">\n<div class=\"one_half_bg floatright\" style=\"background:#ffffff;background:rgb(255,255,255,1);background:rgba(255,255,255,1);\">\n<h2 class=\"ppb_title\" style=\"\"><span class=\"ppb_title_first\" >Nab\u00eddka:<\/span><\/h2>\n<div class=\"page_header_sep left\" ><\/div>\n<\/p>\n<ul>\n<li>Ob\u0159ad u n\u00e1s, se zap\u016fj\u010den\u00edm svatebn\u00edho oblouku s\u00a0v\u00fdzdobou<\/li>\n<li>V\u00a0p\u0159\u00edpad\u011b ob\u0159adu v\u00a0jin\u00e9m m\u00edst\u011b, je mo\u017en\u00e9 r\u00e1no p\u0159ijet na ob\u010derstven\u00ed a zdoben\u00ed aut<\/li>\n<li>Nazdoben\u00ed voz\u016f (nev\u011bsta\/\u017eenich\/svateb\u010dan\u00e9)<\/li>\n<li>Uv\u00edtac\u00ed koutek se svatebn\u00edm harmonogramem a pl\u00e1nem svatby<\/li>\n<li>P\u0159iv\u00edt\u00e1n\u00ed svateb\u010dan\u016f klasick\u00fdmi uv\u00edtac\u00edmi tradicemi<\/li>\n<li>Zap\u016fj\u010den\u00ed svatebn\u00edho chomoutu nebo \u017eel\u00edzek a koule na nohu<\/li>\n<li>Foto koutek s\u00a0rekvizitami (mo\u017eno zajistit fotoapar\u00e1t INSTAX)<\/li>\n<li>D\u011btsk\u00fd koutek, nebo k dispozici venkovn\u00ed h\u0159i\u0161t\u011b<\/li>\n<li>\u0160irok\u00fd v\u00fdb\u011br barev a styl\u016f v\u00fdzdoby<\/li>\n<li>V\u00fdzdoba svatebn\u00ed tabule<\/li>\n<li>V\u00fdzdoba vnit\u0159n\u00edch prostor<\/li>\n<li>V\u00fdzdoba venkovn\u00edch prostor<\/li>\n<li>V\u00fdzdoba tane\u010dn\u00edho parketu<\/li>\n<li>V\u00fdzdoba koutku na svatebn\u00ed dary a p\u0159\u00e1n\u00ed<\/li>\n<li>V\u00fdzdoba exteri\u00e9ru mezi stromy na focen\u00ed<\/li>\n<li>Unik\u00e1tn\u00ed historick\u00e9 \u201etr\u016fny\u201c pro nev\u011bstu a \u017eenicha<\/li>\n<li>Svatebn\u00ed tabule v s\u00e1le, nebo venku na kryt\u00e9 zahr\u00e1dce<\/li>\n<li>Libovoln\u00e9 serv\u00edrovan\u00e9 menu<\/li>\n<li>Svatebn\u00ed raut dle va\u0161eho p\u0159\u00e1n\u00ed (velk\u00e1 \u0161k\u00e1la v\u00fdb\u011bru pestrosti rautu)<\/li>\n<\/ul>\n<\/div>\n<\/div>\n<\/div>\n<\/div>\n<\/div>\n<div  class=\"one\" style=\"padding:0px 0 0px 0;\" >\n<div class=\"standard_wrapper\">\n<div class=\"page_content_wrapper\">\n<div class=\"inner\">\n<div class=\"one_half content_middle animate textright\">\n<h2>D\u00e1le nab\u00edz\u00edme:<\/h2>\n<ul>\n<li>Grilov\u00e1n\u00ed ve vnit\u0159n\u00edm krbu restaurace (kachny, k\u00fdta, \u0161p\u00edzy, ku\u0159ata, kr\u016fty, sele)<\/li>\n<li>Grilov\u00e1n\u00ed a uzen\u00ed v p\u00edskovcov\u00e9 venkovn\u00ed kuchyni &#8211; velk\u00fd v\u00fdb\u011br mo\u017enost\u00ed a kucha\u0159i k dispozici po cel\u00fd den na p\u0159\u00edpravu V\u00e1mi vybran\u00fdch pokrm\u016f (k dispozici 2 pece, 2 grily, 2 krby a ud\u00edrna)<\/li>\n<li>Raut pro d\u011bti<\/li>\n<li>Upe\u010deme pro v\u00e1s dort, nebo p\u0159iprav\u00edme m\u00edsto a naserv\u00edrujeme V\u00e1mi p\u0159ivezen\u00fd dort<\/li>\n<li>Sladk\u00fd koutek, sweet bar, candy bar<\/li>\n<li>P\u0159ipraven\u00ed a uskladn\u011bn\u00ed v\u00fdslu\u017eek<\/li>\n<li>Zaji\u0161t\u011bn\u00ed kapely<\/li>\n<li>Zaji\u0161t\u011bn\u00ed DJ s aparaturou, nebo jen zap\u016fj\u010den\u00ed reproduktor\u016f<\/li>\n<li>Zaji\u0161t\u011bn\u00ed moder\u00e1tora<\/li>\n<li>Zaji\u0161t\u011bn\u00ed svatebn\u00edho koordin\u00e1tora<\/li>\n<li>Zaji\u0161t\u011bn\u00ed programu pro d\u011bti a tak\u00e9 hl\u00edd\u00e1n\u00ed<\/li>\n<li>Ubytov\u00e1n\u00ed svateb\u010dan\u016f je mo\u017en\u00e9 v hotelu v prvn\u00edm pat\u0159e budovy. V p\u0159\u00edpad\u011b nedostate\u010dn\u00e9 kapacity m\u016f\u017eeme dohodnout lep\u0161\u00ed podm\u00ednky s vedlej\u0161\u00edm hotelem AO. P\u0159\u00edmo ve Svatoj\u00e1nsk\u00e9m Dvo\u0159e je k dispozici svatebn\u00ed pokoj s v\u00ed\u0159ivou vanou a balk\u00f3nem pro novoman\u017eele, kter\u00fd n\u00e1le\u017eit\u011b vyzdob\u00edme.<\/li>\n<li>Parkov\u00e1n\u00ed na na\u0161em soukrom\u00e9m parkovi\u0161ti p\u0159ed budovou nebo za zamykatelnou br\u00e1nou<\/li>\n<\/ul>\n<\/div>\n<div class=\"one_half last\"><\/div>\n<p><br class=\"clear\"\/><\/div>\n<\/div>\n<\/div>\n<\/div>\n","protected":false},"excerpt":{"rendered":"<p>Slu\u017eby A\u0165 u\u017e pl\u00e1nujete svatbu, narozeninovou oslavu, firemn\u00ed ve\u010d\u00edrek, rodinnou se\u0161lost nebo t\u0159eba promoci, ve Svatoj\u00e1nsk\u00e9m Dvo\u0159e se budeme v\u017edy sna\u017eit vyhov\u011bt Va\u0161im po\u017eadavk\u016fm a p\u0159\u00e1n\u00edm. Nab\u00edz\u00edme \u0159adu slu\u017eeb nad r\u00e1mec b\u011b\u017en\u00e9ho pohostinstv\u00ed, o kter\u00fdch se dozv\u00edte n\u00ed\u017ee. Grilov\u00e1n\u00edVenkovn\u00ed kuchyn\u011b [&hellip;]<\/p>\n","protected":false},"author":1,"featured_media":0,"parent":0,"menu_order":13,"comment_status":"closed","ping_status":"closed","template":"","meta":{"footnotes":""},"class_list":["post-4117","page","type-page","status-publish","hentry"],"yoast_head":"<!-- This site is optimized with the Yoast SEO plugin v19.5.1 - https:\/\/yoast.com\/wordpress\/plugins\/seo\/ -->\n<title>Svatoj\u00e1nsk\u00fd Dv\u016fr - Slu\u017eby<\/title>\n<meta name=\"description\" content=\"Restaurace Svatoj\u00e1nsk\u00fd Dv\u016fr nab\u00edz\u00ed \u0159adu mo\u017enost\u00ed nad r\u00e1mec b\u011b\u017en\u00e9ho pohostinstv\u00ed. O v\u0161em co um\u00edme se dozv\u00edte v t\u00e9to sekci Slu\u017eby.\" \/>\n<meta name=\"robots\" content=\"index, follow, max-snippet:-1, max-image-preview:large, max-video-preview:-1\" \/>\n<link rel=\"canonical\" href=\"http:\/\/svdvur.cz\/cs_cz\/sluzby\/\" \/>\n<meta property=\"og:locale\" content=\"cs_CZ\" \/>\n<meta property=\"og:type\" content=\"article\" \/>\n<meta property=\"og:title\" content=\"Svatoj\u00e1nsk\u00fd Dv\u016fr - Slu\u017eby\" \/>\n<meta property=\"og:description\" content=\"Restaurace Svatoj\u00e1nsk\u00fd Dv\u016fr nab\u00edz\u00ed \u0159adu mo\u017enost\u00ed nad r\u00e1mec b\u011b\u017en\u00e9ho pohostinstv\u00ed. O v\u0161em co um\u00edme se dozv\u00edte v t\u00e9to sekci Slu\u017eby.\" \/>\n<meta property=\"og:url\" content=\"http:\/\/svdvur.cz\/cs_cz\/sluzby\/\" \/>\n<meta property=\"og:site_name\" content=\"Svatoj\u00e1nsk\u00fd Dv\u016fr\" \/>\n<meta property=\"article:publisher\" content=\"https:\/\/www.facebook.com\/svdvur\" \/>\n<meta property=\"article:modified_time\" content=\"2022-11-10T13:35:03+00:00\" \/>\n<meta name=\"twitter:card\" content=\"summary_large_image\" \/>\n<meta name=\"twitter:label1\" content=\"Odhadovan\u00e1 doba \u010dten\u00ed\" \/>\n\t<meta name=\"twitter:data1\" content=\"7 minut\" \/>\n<script type=\"application\/ld+json\" class=\"yoast-schema-graph\">{\"@context\":\"https:\/\/schema.org\",\"@graph\":[{\"@type\":\"WebPage\",\"@id\":\"https:\/\/svdvur.cz\/sluzby\/\",\"url\":\"https:\/\/svdvur.cz\/sluzby\/\",\"name\":\"Svatoj\u00e1nsk\u00fd Dv\u016fr - Slu\u017eby\",\"isPartOf\":{\"@id\":\"https:\/\/svdvur.cz\/#website\"},\"datePublished\":\"2020-05-19T20:49:12+00:00\",\"dateModified\":\"2022-11-10T13:35:03+00:00\",\"description\":\"Restaurace Svatoj\u00e1nsk\u00fd Dv\u016fr nab\u00edz\u00ed \u0159adu mo\u017enost\u00ed nad r\u00e1mec b\u011b\u017en\u00e9ho pohostinstv\u00ed. O v\u0161em co um\u00edme se dozv\u00edte v t\u00e9to sekci Slu\u017eby.\",\"breadcrumb\":{\"@id\":\"https:\/\/svdvur.cz\/sluzby\/#breadcrumb\"},\"inLanguage\":\"cs\",\"potentialAction\":[{\"@type\":\"ReadAction\",\"target\":[\"https:\/\/svdvur.cz\/sluzby\/\"]}]},{\"@type\":\"BreadcrumbList\",\"@id\":\"https:\/\/svdvur.cz\/sluzby\/#breadcrumb\",\"itemListElement\":[{\"@type\":\"ListItem\",\"position\":1,\"name\":\"Dom\u016f\",\"item\":\"https:\/\/svdvur.cz\/\"},{\"@type\":\"ListItem\",\"position\":2,\"name\":\"Slu\u017eby\"}]},{\"@type\":\"WebSite\",\"@id\":\"https:\/\/svdvur.cz\/#website\",\"url\":\"https:\/\/svdvur.cz\/\",\"name\":\"Svatoj\u00e1nsk\u00fd Dv\u016fr\",\"description\":\"Rodinn\u00e1 restaurace a hotel\",\"publisher\":{\"@id\":\"https:\/\/svdvur.cz\/#organization\"},\"potentialAction\":[{\"@type\":\"SearchAction\",\"target\":{\"@type\":\"EntryPoint\",\"urlTemplate\":\"https:\/\/svdvur.cz\/?s={search_term_string}\"},\"query-input\":\"required name=search_term_string\"}],\"inLanguage\":\"cs\"},{\"@type\":\"Organization\",\"@id\":\"https:\/\/svdvur.cz\/#organization\",\"name\":\"Svatoj\u00e1nsk\u00fd Dv\u016fr\",\"url\":\"https:\/\/svdvur.cz\/\",\"sameAs\":[\"https:\/\/www.instagram.com\/svatojansky_dvur\/\",\"https:\/\/www.facebook.com\/svdvur\"],\"logo\":{\"@type\":\"ImageObject\",\"inLanguage\":\"cs\",\"@id\":\"https:\/\/svdvur.cz\/#\/schema\/logo\/image\/\",\"url\":\"https:\/\/svdvur.cz\/wp-content\/uploads\/2020\/05\/HP_Logo_2.gif\",\"contentUrl\":\"https:\/\/svdvur.cz\/wp-content\/uploads\/2020\/05\/HP_Logo_2.gif\",\"width\":280,\"height\":188,\"caption\":\"Svatoj\u00e1nsk\u00fd Dv\u016fr\"},\"image\":{\"@id\":\"https:\/\/svdvur.cz\/#\/schema\/logo\/image\/\"}}]}<\/script>\n<!-- \/ Yoast SEO plugin. -->","yoast_head_json":{"title":"Svatoj\u00e1nsk\u00fd Dv\u016fr - Slu\u017eby","description":"Restaurace Svatoj\u00e1nsk\u00fd Dv\u016fr nab\u00edz\u00ed \u0159adu mo\u017enost\u00ed nad r\u00e1mec b\u011b\u017en\u00e9ho pohostinstv\u00ed. O v\u0161em co um\u00edme se dozv\u00edte v t\u00e9to sekci Slu\u017eby.","robots":{"index":"index","follow":"follow","max-snippet":"max-snippet:-1","max-image-preview":"max-image-preview:large","max-video-preview":"max-video-preview:-1"},"canonical":"http:\/\/svdvur.cz\/cs_cz\/sluzby\/","og_locale":"cs_CZ","og_type":"article","og_title":"Svatoj\u00e1nsk\u00fd Dv\u016fr - Slu\u017eby","og_description":"Restaurace Svatoj\u00e1nsk\u00fd Dv\u016fr nab\u00edz\u00ed \u0159adu mo\u017enost\u00ed nad r\u00e1mec b\u011b\u017en\u00e9ho pohostinstv\u00ed. O v\u0161em co um\u00edme se dozv\u00edte v t\u00e9to sekci Slu\u017eby.","og_url":"http:\/\/svdvur.cz\/cs_cz\/sluzby\/","og_site_name":"Svatoj\u00e1nsk\u00fd Dv\u016fr","article_publisher":"https:\/\/www.facebook.com\/svdvur","article_modified_time":"2022-11-10T13:35:03+00:00","twitter_card":"summary_large_image","twitter_misc":{"Odhadovan\u00e1 doba \u010dten\u00ed":"7 minut"},"schema":{"@context":"https:\/\/schema.org","@graph":[{"@type":"WebPage","@id":"https:\/\/svdvur.cz\/sluzby\/","url":"https:\/\/svdvur.cz\/sluzby\/","name":"Svatoj\u00e1nsk\u00fd Dv\u016fr - Slu\u017eby","isPartOf":{"@id":"https:\/\/svdvur.cz\/#website"},"datePublished":"2020-05-19T20:49:12+00:00","dateModified":"2022-11-10T13:35:03+00:00","description":"Restaurace Svatoj\u00e1nsk\u00fd Dv\u016fr nab\u00edz\u00ed \u0159adu mo\u017enost\u00ed nad r\u00e1mec b\u011b\u017en\u00e9ho pohostinstv\u00ed. O v\u0161em co um\u00edme se dozv\u00edte v t\u00e9to sekci Slu\u017eby.","breadcrumb":{"@id":"https:\/\/svdvur.cz\/sluzby\/#breadcrumb"},"inLanguage":"cs","potentialAction":[{"@type":"ReadAction","target":["https:\/\/svdvur.cz\/sluzby\/"]}]},{"@type":"BreadcrumbList","@id":"https:\/\/svdvur.cz\/sluzby\/#breadcrumb","itemListElement":[{"@type":"ListItem","position":1,"name":"Dom\u016f","item":"https:\/\/svdvur.cz\/"},{"@type":"ListItem","position":2,"name":"Slu\u017eby"}]},{"@type":"WebSite","@id":"https:\/\/svdvur.cz\/#website","url":"https:\/\/svdvur.cz\/","name":"Svatoj\u00e1nsk\u00fd Dv\u016fr","description":"Rodinn\u00e1 restaurace a hotel","publisher":{"@id":"https:\/\/svdvur.cz\/#organization"},"potentialAction":[{"@type":"SearchAction","target":{"@type":"EntryPoint","urlTemplate":"https:\/\/svdvur.cz\/?s={search_term_string}"},"query-input":"required name=search_term_string"}],"inLanguage":"cs"},{"@type":"Organization","@id":"https:\/\/svdvur.cz\/#organization","name":"Svatoj\u00e1nsk\u00fd Dv\u016fr","url":"https:\/\/svdvur.cz\/","sameAs":["https:\/\/www.instagram.com\/svatojansky_dvur\/","https:\/\/www.facebook.com\/svdvur"],"logo":{"@type":"ImageObject","inLanguage":"cs","@id":"https:\/\/svdvur.cz\/#\/schema\/logo\/image\/","url":"https:\/\/svdvur.cz\/wp-content\/uploads\/2020\/05\/HP_Logo_2.gif","contentUrl":"https:\/\/svdvur.cz\/wp-content\/uploads\/2020\/05\/HP_Logo_2.gif","width":280,"height":188,"caption":"Svatoj\u00e1nsk\u00fd Dv\u016fr"},"image":{"@id":"https:\/\/svdvur.cz\/#\/schema\/logo\/image\/"}}]}},"_links":{"self":[{"href":"http:\/\/svdvur.cz\/cs_cz\/wp-json\/wp\/v2\/pages\/4117","targetHints":{"allow":["GET"]}}],"collection":[{"href":"http:\/\/svdvur.cz\/cs_cz\/wp-json\/wp\/v2\/pages"}],"about":[{"href":"http:\/\/svdvur.cz\/cs_cz\/wp-json\/wp\/v2\/types\/page"}],"author":[{"embeddable":true,"href":"http:\/\/svdvur.cz\/cs_cz\/wp-json\/wp\/v2\/users\/1"}],"replies":[{"embeddable":true,"href":"http:\/\/svdvur.cz\/cs_cz\/wp-json\/wp\/v2\/comments?post=4117"}],"version-history":[{"count":229,"href":"http:\/\/svdvur.cz\/cs_cz\/wp-json\/wp\/v2\/pages\/4117\/revisions"}],"predecessor-version":[{"id":9996,"href":"http:\/\/svdvur.cz\/cs_cz\/wp-json\/wp\/v2\/pages\/4117\/revisions\/9996"}],"wp:attachment":[{"href":"http:\/\/svdvur.cz\/cs_cz\/wp-json\/wp\/v2\/media?parent=4117"}],"curies":[{"name":"wp","href":"https:\/\/api.w.org\/{rel}","templated":true}]}}